{"id":10175,"date":"2022-06-20T13:52:27","date_gmt":"2022-06-20T11:52:27","guid":{"rendered":"https:\/\/velkoobchod.orijintea.com\/?post_type=product&#038;p=10175"},"modified":"2026-03-11T12:03:33","modified_gmt":"2026-03-11T11:03:33","slug":"yunnan-bai-mu-dan","status":"publish","type":"product","link":"https:\/\/velkoobchod.orijintea.com\/en\/produkt\/yunnan-bai-mu-dan\/","title":{"rendered":"Yunnan Bai Mu Dan"},"content":{"rendered":"","protected":false},"excerpt":{"rendered":"<p>\u201eB\u00edl\u00e1 pivo\u0148ka\u201c \u2013 zn\u00e1mkou vysok\u00e9 kvality je p\u0159irozen\u00fd tvar list\u016f, hlubok\u00e1, leskl\u00e1 \u0161edozelen\u00e1 barva a velk\u00fd pod\u00edl \u201abai hao\u2018 \u2013 b\u00edl\u00fdch chloupk\u016f z tips\u016f.<\/p>\n<p>Barva n\u00e1levu je \u017elutav\u011b-jantarov\u00e1, v\u016fn\u011b kv\u011btinov\u00e1. Chu\u0165 hladk\u00e1 a z\u00e1rove\u0148 pln\u00e1, kulat\u00e1. Aftertaste dlouh\u00fd, p\u0159\u00edjemn\u011b sladk\u00fd. \u010caj sta\u010d\u00ed luhovat jen kr\u00e1tce, n\u00e1lev\u016f vydr\u017e\u00ed mnoho.<\/p>\n","protected":false},"featured_media":10299,"template":"","meta":[],"product_cat":[1390,142,1417],"product_tag":[],"acf":[],"_links":{"self":[{"href":"https:\/\/velkoobchod.orijintea.com\/en\/wp-json\/wp\/v2\/product\/10175"}],"collection":[{"href":"https:\/\/velkoobchod.orijintea.com\/en\/wp-json\/wp\/v2\/product"}],"about":[{"href":"https:\/\/velkoobchod.orijintea.com\/en\/wp-json\/wp\/v2\/types\/product"}],"wp:featuredmedia":[{"embeddable":true,"href":"https:\/\/velkoobchod.orijintea.com\/en\/wp-json\/wp\/v2\/media\/10299"}],"wp:attachment":[{"href":"https:\/\/velkoobchod.orijintea.com\/en\/wp-json\/wp\/v2\/media?parent=10175"}],"wp:term":[{"taxonomy":"product_cat","embeddable":true,"href":"https:\/\/velkoobchod.orijintea.com\/en\/wp-json\/wp\/v2\/product_cat?post=10175"},{"taxonomy":"product_tag","embeddable":true,"href":"https:\/\/velkoobchod.orijintea.com\/en\/wp-json\/wp\/v2\/product_tag?post=10175"}],"curies":[{"name":"wp","href":"https:\/\/api.w.org\/{rel}","templated":true}]}}