{"id":10253,"date":"2022-08-23T00:00:00","date_gmt":"2022-08-22T22:00:00","guid":{"rendered":"https:\/\/velkoobchod.orijintea.com\/produkt\/konev-litina-900ml\/"},"modified":"2026-03-05T12:51:25","modified_gmt":"2026-03-05T11:51:25","slug":"konev-litina-900ml","status":"publish","type":"product","link":"https:\/\/velkoobchod.orijintea.com\/en\/produkt\/konev-litina-900ml\/","title":{"rendered":"Konev litina 900ml"},"content":{"rendered":"","protected":false},"excerpt":{"rendered":"<p>Klasick\u00e1 kulat\u00e1 litinov\u00e1 konev s drobn\u00fdmi te\u010dkami na povrchu. Vlo\u017een\u00e9 kovov\u00e9 s\u00edtko, hladk\u00fd glazovan\u00fd povrch uvnit\u0159.<\/p>\n","protected":false},"featured_media":10669,"template":"","meta":[],"product_cat":[1432,1443],"product_tag":[],"acf":[],"_links":{"self":[{"href":"https:\/\/velkoobchod.orijintea.com\/en\/wp-json\/wp\/v2\/product\/10253"}],"collection":[{"href":"https:\/\/velkoobchod.orijintea.com\/en\/wp-json\/wp\/v2\/product"}],"about":[{"href":"https:\/\/velkoobchod.orijintea.com\/en\/wp-json\/wp\/v2\/types\/product"}],"wp:featuredmedia":[{"embeddable":true,"href":"https:\/\/velkoobchod.orijintea.com\/en\/wp-json\/wp\/v2\/media\/10669"}],"wp:attachment":[{"href":"https:\/\/velkoobchod.orijintea.com\/en\/wp-json\/wp\/v2\/media?parent=10253"}],"wp:term":[{"taxonomy":"product_cat","embeddable":true,"href":"https:\/\/velkoobchod.orijintea.com\/en\/wp-json\/wp\/v2\/product_cat?post=10253"},{"taxonomy":"product_tag","embeddable":true,"href":"https:\/\/velkoobchod.orijintea.com\/en\/wp-json\/wp\/v2\/product_tag?post=10253"}],"curies":[{"name":"wp","href":"https:\/\/api.w.org\/{rel}","templated":true}]}}