{"id":10259,"date":"2022-08-23T00:00:00","date_gmt":"2022-08-22T22:00:00","guid":{"rendered":"https:\/\/velkoobchod.orijintea.com\/produkt\/tacek-na-pu-erh\/"},"modified":"2026-03-02T12:53:45","modified_gmt":"2026-03-02T11:53:45","slug":"tacek-na-pu-erh","status":"publish","type":"product","link":"https:\/\/velkoobchod.orijintea.com\/en\/produkt\/tacek-na-pu-erh\/","title":{"rendered":"T\u00e1cek na pu-erh"},"content":{"rendered":"","protected":false},"excerpt":{"rendered":"<p>Jednoduch\u00fd bambusov\u00fd t\u00e1cek pro d\u011blen\u00ed lisovan\u00fdch \u010daj\u016f. Pr\u00e1zdn\u00fd roh slou\u017e\u00ed pro nasyp\u00e1n\u00ed odd\u011blen\u00e9ho \u010daje.<\/p>\n","protected":false},"featured_media":10616,"template":"","meta":[],"product_cat":[1432,1459,1465],"product_tag":[],"acf":[],"_links":{"self":[{"href":"https:\/\/velkoobchod.orijintea.com\/en\/wp-json\/wp\/v2\/product\/10259"}],"collection":[{"href":"https:\/\/velkoobchod.orijintea.com\/en\/wp-json\/wp\/v2\/product"}],"about":[{"href":"https:\/\/velkoobchod.orijintea.com\/en\/wp-json\/wp\/v2\/types\/product"}],"wp:featuredmedia":[{"embeddable":true,"href":"https:\/\/velkoobchod.orijintea.com\/en\/wp-json\/wp\/v2\/media\/10616"}],"wp:attachment":[{"href":"https:\/\/velkoobchod.orijintea.com\/en\/wp-json\/wp\/v2\/media?parent=10259"}],"wp:term":[{"taxonomy":"product_cat","embeddable":true,"href":"https:\/\/velkoobchod.orijintea.com\/en\/wp-json\/wp\/v2\/product_cat?post=10259"},{"taxonomy":"product_tag","embeddable":true,"href":"https:\/\/velkoobchod.orijintea.com\/en\/wp-json\/wp\/v2\/product_tag?post=10259"}],"curies":[{"name":"wp","href":"https:\/\/api.w.org\/{rel}","templated":true}]}}