{"id":10260,"date":"2022-08-23T00:00:00","date_gmt":"2022-08-22T22:00:00","guid":{"rendered":"https:\/\/velkoobchod.orijintea.com\/produkt\/more-bambus-kamen-krajina\/"},"modified":"2025-07-16T15:18:18","modified_gmt":"2025-07-16T13:18:18","slug":"more-bambus-kamen-krajina","status":"publish","type":"product","link":"https:\/\/velkoobchod.orijintea.com\/en\/produkt\/more-bambus-kamen-krajina\/","title":{"rendered":"Mo\u0159e bambus-k\u00e1men krajina"},"content":{"rendered":"","protected":false},"excerpt":{"rendered":"<p>Elegantn\u00ed velk\u00e9 \u010dajov\u00e9 mo\u0159e s kamennou deskou na bambusov\u00e9m r\u00e1mu. Hadi\u010dka s pumpov\u00e1n\u00edm pro odtok je sou\u010d\u00e1st\u00ed balen\u00ed.<\/p>\n","protected":false},"featured_media":10280,"template":"","meta":[],"product_cat":[1435,1433,1432,1437],"product_tag":[],"acf":[],"_links":{"self":[{"href":"https:\/\/velkoobchod.orijintea.com\/en\/wp-json\/wp\/v2\/product\/10260"}],"collection":[{"href":"https:\/\/velkoobchod.orijintea.com\/en\/wp-json\/wp\/v2\/product"}],"about":[{"href":"https:\/\/velkoobchod.orijintea.com\/en\/wp-json\/wp\/v2\/types\/product"}],"wp:featuredmedia":[{"embeddable":true,"href":"https:\/\/velkoobchod.orijintea.com\/en\/wp-json\/wp\/v2\/media\/10280"}],"wp:attachment":[{"href":"https:\/\/velkoobchod.orijintea.com\/en\/wp-json\/wp\/v2\/media?parent=10260"}],"wp:term":[{"taxonomy":"product_cat","embeddable":true,"href":"https:\/\/velkoobchod.orijintea.com\/en\/wp-json\/wp\/v2\/product_cat?post=10260"},{"taxonomy":"product_tag","embeddable":true,"href":"https:\/\/velkoobchod.orijintea.com\/en\/wp-json\/wp\/v2\/product_tag?post=10260"}],"curies":[{"name":"wp","href":"https:\/\/api.w.org\/{rel}","templated":true}]}}