{"id":10940,"date":"2023-04-17T16:22:39","date_gmt":"2023-04-17T14:22:39","guid":{"rendered":"https:\/\/velkoobchod.orijintea.com\/?post_type=product&#038;p=10940"},"modified":"2026-03-17T12:02:41","modified_gmt":"2026-03-17T11:02:41","slug":"orijin-2023-yunnan-bai-cha-bing-200g","status":"publish","type":"product","link":"https:\/\/velkoobchod.orijintea.com\/en\/produkt\/orijin-2023-yunnan-bai-cha-bing-200g\/","title":{"rendered":"Orijin 2023 Yunnan Bai Cha Bing 200g"},"content":{"rendered":"<p><a href=\"https:\/\/babelcarp.org\/babelcarp\/babelcarp.cgi?phrase=shisheng\" target=\"_blank\" rel=\"noopener\">Shi Sheng Miao \u5b9e\u751f\u82d7<\/a>: P\u0159irozen\u011b se propaguj\u00edc\u00ed \u010dajovn\u00edky p\u011bstovan\u00e9 ze semen.<\/p>\n","protected":false},"excerpt":{"rendered":"<p>Lisovan\u00fd kol\u00e1\u010d b\u00edl\u00e9ho yunnansk\u00e9ho \u010daje z vy\u0161\u0161\u00edch poloh organick\u00fdch zahrad v oblasti Simao.<\/p>\n","protected":false},"featured_media":10949,"template":"","meta":[],"product_cat":[1390,142,1417],"product_tag":[2093],"acf":[],"_links":{"self":[{"href":"https:\/\/velkoobchod.orijintea.com\/en\/wp-json\/wp\/v2\/product\/10940"}],"collection":[{"href":"https:\/\/velkoobchod.orijintea.com\/en\/wp-json\/wp\/v2\/product"}],"about":[{"href":"https:\/\/velkoobchod.orijintea.com\/en\/wp-json\/wp\/v2\/types\/product"}],"wp:featuredmedia":[{"embeddable":true,"href":"https:\/\/velkoobchod.orijintea.com\/en\/wp-json\/wp\/v2\/media\/10949"}],"wp:attachment":[{"href":"https:\/\/velkoobchod.orijintea.com\/en\/wp-json\/wp\/v2\/media?parent=10940"}],"wp:term":[{"taxonomy":"product_cat","embeddable":true,"href":"https:\/\/velkoobchod.orijintea.com\/en\/wp-json\/wp\/v2\/product_cat?post=10940"},{"taxonomy":"product_tag","embeddable":true,"href":"https:\/\/velkoobchod.orijintea.com\/en\/wp-json\/wp\/v2\/product_tag?post=10940"}],"curies":[{"name":"wp","href":"https:\/\/api.w.org\/{rel}","templated":true}]}}