{"id":10976,"date":"2023-05-08T00:00:00","date_gmt":"2023-05-07T22:00:00","guid":{"rendered":"https:\/\/velkoobchod.orijintea.com\/?post_type=product&#038;p=10976"},"modified":"2025-10-23T11:21:21","modified_gmt":"2025-10-23T09:21:21","slug":"formosa-ruan-zhi-hong-cha","status":"publish","type":"product","link":"https:\/\/velkoobchod.orijintea.com\/en\/produkt\/formosa-ruan-zhi-hong-cha\/","title":{"rendered":"Formosa Ruan Zhi Hong Cha"},"content":{"rendered":"<p><a href=\"http:\/\/babelcarp.org\/babelcarp\/babelcarp.cgi?phrase=Ruan3+Zhi1\" target=\"_blank\" rel=\"noopener noreferrer\">Ruan Zhi \u8f6f\u679d<\/a>: m\u011bkk\u00fd stonek v klasifikaci oolongov\u00fdch kultivar\u016f, pravd\u011bpodobn\u011b p\u016fvodn\u00ed kultivar dovezen\u00fd na Taiwan z Fujianu; toto\u017en\u00fd s kultivarem Qing Xin.<\/p>\n<p>Poho\u0159\u00ed A Li Shan<a href=\"http:\/\/babelcarp.org\/babelcarp\/babelcarp.cgi?phrase=alishan\" target=\"_blank\" rel=\"noopener noreferrer\">\u00a0\u963f\u91cc\u5c71<\/a>\u00a0se rozkl\u00e1d\u00e1\u00a0v centr\u00e1ln\u011b-ji\u017en\u00ed oblasti Tchajwanu. Od nejvy\u0161\u0161\u00edho tchajwansk\u00e9ho poho\u0159\u00ed Yushan je odd\u011bleno \u0159ekou Qishan. Nejvy\u0161\u0161\u00edm vrcholem je hora Datashan (\u5927\u5854\u5c71), kter\u00e1 m\u00e1 v\u00fd\u0161ku 2663 m.n.m. Slavn\u00e1 tchajwansk\u00e1 p\u00edse\u0148\u00a0<u><a href=\"https:\/\/www.youtube.com\/watch?v=MKKkOwv1hAU\" target=\"_blank\" rel=\"noopener noreferrer\">&#8216;A Li Shan De Gu Niang&#8217;<\/a><\/u>\u00a0je o d\u00edvce z poho\u0159\u00ed A Li Shan. Pojmenov\u00e1n\u00ed horsk\u00e9ho p\u00e1su pravd\u011bpodobn\u011b poch\u00e1z\u00ed ze slova &#8216;Alit&#8217;, kter\u00e9 v n\u011bkolika tchajwansk\u00fdch domorod\u00fdch jazyc\u00edch znamen\u00e1 &#8216;ancestor mountain&#8217; (prad\u00e1vn\u00e1 hora). <a href=\"https:\/\/orijintea.com\/wp-content\/uploads\/alishanm.jpg\" target=\"_blank\" rel=\"noopener\"><img loading=\"lazy\" class=\"alignnone size-full wp-image-204\" src=\"https:\/\/orijintea.com\/wp-content\/uploads\/alishanm.jpg\" alt=\"\" width=\"640\" height=\"361\" srcset=\"https:\/\/velkoobchod.orijintea.com\/wp-content\/uploads\/alishanm.jpg 640w, https:\/\/velkoobchod.orijintea.com\/wp-content\/uploads\/alishanm-150x85.jpg 150w, https:\/\/velkoobchod.orijintea.com\/wp-content\/uploads\/alishanm-600x338.jpg 600w, https:\/\/velkoobchod.orijintea.com\/wp-content\/uploads\/alishanm-300x169.jpg 300w\" sizes=\"(max-width: 640px) 100vw, 640px\" \/><\/a><\/p>\n","protected":false},"excerpt":{"rendered":"<p>Aromatick\u00fd \u010derven\u00fd \u010daj sv\u011b\u017e\u00ed v\u016fn\u011b s bohat\u011b ovocnou, komplexn\u00ed chut\u00ed. Vyroben\u00fd z oolongov\u00e9ho kultivaru Ruan Zhi ze ze slavn\u00e9 vysokohorsk\u00e9 produk\u010dn\u00ed oblasti hory A Li Shan (ze zahrad ve v\u00fd\u0161ce kolem 1300 m.n.m).<\/p>\n<p>\u010caj je pom\u011brn\u011b hutn\u00fd s dlouze dozn\u00edvaj\u00edc\u00edm sl\u00e1dnouc\u00edm aftertastem. Sta\u010d\u00ed luhovat velmi kr\u00e1tce &#8211; vydr\u017e\u00ed mnoho n\u00e1lev\u016f.<\/p>\n","protected":false},"featured_media":11082,"template":"","meta":[],"product_cat":[142,1392,1417],"product_tag":[],"acf":[],"_links":{"self":[{"href":"https:\/\/velkoobchod.orijintea.com\/en\/wp-json\/wp\/v2\/product\/10976"}],"collection":[{"href":"https:\/\/velkoobchod.orijintea.com\/en\/wp-json\/wp\/v2\/product"}],"about":[{"href":"https:\/\/velkoobchod.orijintea.com\/en\/wp-json\/wp\/v2\/types\/product"}],"wp:featuredmedia":[{"embeddable":true,"href":"https:\/\/velkoobchod.orijintea.com\/en\/wp-json\/wp\/v2\/media\/11082"}],"wp:attachment":[{"href":"https:\/\/velkoobchod.orijintea.com\/en\/wp-json\/wp\/v2\/media?parent=10976"}],"wp:term":[{"taxonomy":"product_cat","embeddable":true,"href":"https:\/\/velkoobchod.orijintea.com\/en\/wp-json\/wp\/v2\/product_cat?post=10976"},{"taxonomy":"product_tag","embeddable":true,"href":"https:\/\/velkoobchod.orijintea.com\/en\/wp-json\/wp\/v2\/product_tag?post=10976"}],"curies":[{"name":"wp","href":"https:\/\/api.w.org\/{rel}","templated":true}]}}