{"id":11099,"date":"2023-05-22T00:00:00","date_gmt":"2023-05-21T22:00:00","guid":{"rendered":"https:\/\/velkoobchod.orijintea.com\/?post_type=product&#038;p=11099"},"modified":"2026-03-17T12:02:41","modified_gmt":"2026-03-17T11:02:41","slug":"bai-mu-dan-xiao-fang","status":"publish","type":"product","link":"https:\/\/velkoobchod.orijintea.com\/en\/produkt\/bai-mu-dan-xiao-fang\/","title":{"rendered":"Bai Mu Dan Xiao Fang"},"content":{"rendered":"","protected":false},"excerpt":{"rendered":"<p><em>&#8220;B\u00edl\u00e1 pivo\u0148ka&#8221;<\/em> &#8211; Jednotliv\u011b balen\u00e9 lisovan\u00e9 cihli\u010dky 5x 4g v pap\u00edrov\u00e9 krabi\u010dce.<\/p>\n<p>Zeleno\u017elut\u00fd sv\u011b\u017e\u00ed n\u00e1lev kv\u011btinov\u011b n\u011b\u017en\u00e9 v\u016fn\u011b. Chu\u0165 je hedv\u00e1bn\u011b hladk\u00e1 a z\u00e1rove\u0148 pln\u00e1, kulat\u00e1. Aftertaste dlouh\u00fd a p\u0159\u00edjemn\u011b sladk\u00fd.<\/p>\n<p>\u010caj sta\u010d\u00ed luhovat pom\u011brn\u011b kr\u00e1tce, d\u00edky postupn\u00e9mu otev\u00edr\u00e1n\u00ed zalisovan\u00fdch l\u00edstk\u016f vydr\u017e\u00ed na mnoho n\u00e1lev\u016f.<\/p>\n","protected":false},"featured_media":11132,"template":"","meta":[],"product_cat":[1390,142],"product_tag":[2093],"acf":[],"_links":{"self":[{"href":"https:\/\/velkoobchod.orijintea.com\/en\/wp-json\/wp\/v2\/product\/11099"}],"collection":[{"href":"https:\/\/velkoobchod.orijintea.com\/en\/wp-json\/wp\/v2\/product"}],"about":[{"href":"https:\/\/velkoobchod.orijintea.com\/en\/wp-json\/wp\/v2\/types\/product"}],"wp:featuredmedia":[{"embeddable":true,"href":"https:\/\/velkoobchod.orijintea.com\/en\/wp-json\/wp\/v2\/media\/11132"}],"wp:attachment":[{"href":"https:\/\/velkoobchod.orijintea.com\/en\/wp-json\/wp\/v2\/media?parent=11099"}],"wp:term":[{"taxonomy":"product_cat","embeddable":true,"href":"https:\/\/velkoobchod.orijintea.com\/en\/wp-json\/wp\/v2\/product_cat?post=11099"},{"taxonomy":"product_tag","embeddable":true,"href":"https:\/\/velkoobchod.orijintea.com\/en\/wp-json\/wp\/v2\/product_tag?post=11099"}],"curies":[{"name":"wp","href":"https:\/\/api.w.org\/{rel}","templated":true}]}}