{"id":11303,"date":"2023-07-13T11:05:04","date_gmt":"2023-07-13T09:05:04","guid":{"rendered":"https:\/\/velkoobchod.orijintea.com\/?post_type=product&#038;p=11303"},"modified":"2025-12-17T11:44:04","modified_gmt":"2025-12-17T10:44:04","slug":"lao-shou-mei-2013","status":"publish","type":"product","link":"https:\/\/velkoobchod.orijintea.com\/en\/produkt\/lao-shou-mei-2013\/","title":{"rendered":"Lao Shou Mei 2013"},"content":{"rendered":"","protected":false},"excerpt":{"rendered":"<p>Shou Mei, v \u010cech\u00e1ch tak\u00e9 zn\u00e1m pod p\u0159ekladem &#8216;Obo\u010d\u00ed dlouh\u00e9ho v\u011bku&#8217; &#8211; z\u00e1kladn\u00ed t\u0159\u00edda b\u00edl\u00e9ho \u010daje.<\/p>\n<p>Tento jsme v\u0161ak nechali 10 let zr\u00e1t v na\u0161em skladu. Barva list\u016f je v\u00edce hn\u011bd\u00e1, jsou bohat\u011b ochm\u00fd\u0159en\u00e9, sem tam lze naj\u00edt i p\u00e1r siln\u00fdch tips\u016f. N\u00e1lev tak\u00e9 ztmavl &#8211; nyn\u00ed syt\u011b oran\u017eov\u011b-\u017elutav\u00e9 barvy s typickou &#8220;medicin\u00e1ln\u00ed&#8221; v\u016fn\u00ed a chut\u00ed &#8211; te\u017e\u0161\u00ed ko\u0159en\u011bnou bylinnost\u00ed a lehkou ovocnost\u00ed s velmi v\u00fdrazn\u00fdm sladk\u00fdm aftertastem, kter\u00fd trv\u00e1 a trv\u00e1.<\/p>\n","protected":false},"featured_media":11212,"template":"","meta":[],"product_cat":[1390,142],"product_tag":[],"acf":[],"_links":{"self":[{"href":"https:\/\/velkoobchod.orijintea.com\/en\/wp-json\/wp\/v2\/product\/11303"}],"collection":[{"href":"https:\/\/velkoobchod.orijintea.com\/en\/wp-json\/wp\/v2\/product"}],"about":[{"href":"https:\/\/velkoobchod.orijintea.com\/en\/wp-json\/wp\/v2\/types\/product"}],"wp:featuredmedia":[{"embeddable":true,"href":"https:\/\/velkoobchod.orijintea.com\/en\/wp-json\/wp\/v2\/media\/11212"}],"wp:attachment":[{"href":"https:\/\/velkoobchod.orijintea.com\/en\/wp-json\/wp\/v2\/media?parent=11303"}],"wp:term":[{"taxonomy":"product_cat","embeddable":true,"href":"https:\/\/velkoobchod.orijintea.com\/en\/wp-json\/wp\/v2\/product_cat?post=11303"},{"taxonomy":"product_tag","embeddable":true,"href":"https:\/\/velkoobchod.orijintea.com\/en\/wp-json\/wp\/v2\/product_tag?post=11303"}],"curies":[{"name":"wp","href":"https:\/\/api.w.org\/{rel}","templated":true}]}}