{"id":11304,"date":"2023-07-13T11:28:01","date_gmt":"2023-07-13T09:28:01","guid":{"rendered":"https:\/\/velkoobchod.orijintea.com\/?post_type=product&#038;p=11304"},"modified":"2026-01-20T11:41:19","modified_gmt":"2026-01-20T10:41:19","slug":"wu-yi-bai-cha-ye-sheng","status":"publish","type":"product","link":"https:\/\/velkoobchod.orijintea.com\/en\/produkt\/wu-yi-bai-cha-ye-sheng\/","title":{"rendered":"Wu Yi Bai Cha Ye Sheng"},"content":{"rendered":"<p>Vlastnoru\u010dn\u00ed v\u00fdroba pana Wei Jina, majitele Orijin Tea.<\/p>\n<p>Jedn\u00e1 se o sm\u011bs list\u016f ze \u010dty\u0159 druh\u016f divoce rostouc\u00edch \u010dajovn\u00edk\u016f, tradi\u010dn\u011b pou\u017e\u00edvan\u00fdch k v\u00fdrob\u011b oolong\u016f (Da Hong Pao, Qi Zhong, Rougui &amp; Shuixian)<\/p>\n","protected":false},"excerpt":{"rendered":"<p>N\u00e1lev jisk\u0159iv\u011b \u017elut\u00fd, v\u016fn\u011b sv\u011b\u017e\u00ed a kv\u011btinov\u00e1. Chu\u0165 hebk\u00e1 a pln\u00e1, \u010derstv\u00e1, sladk\u00e1, \u010dist\u00e1. Aftertaste dlouh\u00fd, p\u0159\u00edjemn\u011b sl\u00e1dnouc\u00ed.<\/p>\n","protected":false},"featured_media":11218,"template":"","meta":[],"product_cat":[1390,142],"product_tag":[],"acf":[],"_links":{"self":[{"href":"https:\/\/velkoobchod.orijintea.com\/en\/wp-json\/wp\/v2\/product\/11304"}],"collection":[{"href":"https:\/\/velkoobchod.orijintea.com\/en\/wp-json\/wp\/v2\/product"}],"about":[{"href":"https:\/\/velkoobchod.orijintea.com\/en\/wp-json\/wp\/v2\/types\/product"}],"wp:featuredmedia":[{"embeddable":true,"href":"https:\/\/velkoobchod.orijintea.com\/en\/wp-json\/wp\/v2\/media\/11218"}],"wp:attachment":[{"href":"https:\/\/velkoobchod.orijintea.com\/en\/wp-json\/wp\/v2\/media?parent=11304"}],"wp:term":[{"taxonomy":"product_cat","embeddable":true,"href":"https:\/\/velkoobchod.orijintea.com\/en\/wp-json\/wp\/v2\/product_cat?post=11304"},{"taxonomy":"product_tag","embeddable":true,"href":"https:\/\/velkoobchod.orijintea.com\/en\/wp-json\/wp\/v2\/product_tag?post=11304"}],"curies":[{"name":"wp","href":"https:\/\/api.w.org\/{rel}","templated":true}]}}