{"id":11309,"date":"2024-07-13T12:18:12","date_gmt":"2024-07-13T10:18:12","guid":{"rendered":"https:\/\/velkoobchod.orijintea.com\/?post_type=product&#038;p=11309"},"modified":"2026-03-09T10:10:01","modified_gmt":"2026-03-09T09:10:01","slug":"anhui-an-cha","status":"publish","type":"product","link":"https:\/\/velkoobchod.orijintea.com\/en\/produkt\/anhui-an-cha\/","title":{"rendered":"Anhui An Cha 2023"},"content":{"rendered":"<p><a href=\"https:\/\/babelcarp.org\/babelcarp\/babelcarp.cgi?phrase=ancha&amp;define=1\" target=\"_blank\" rel=\"noopener\">An Cha \u5b89\u8336<\/a>: \u010dern\u00fd (tmav\u00fd) \u010daj, podobn\u00fd \u010daji Lu An Hei Cha, av\u0161ak produkovan\u00fd i mimo kanonick\u00e9 oblasti.<\/p>\n<p><a href=\"https:\/\/babelcarp.org\/babelcarp\/babelcarp.cgi?phrase=sunqiao\" target=\"_blank\" rel=\"noopener\">Sun Qiao \u7b0b\u58f3<\/a>: doslova &#8220;bambusov\u00e1 sko\u0159\u00e1pka&#8221;; obalov\u00fd materi\u00e1l vyroben\u00fd z bambusov\u00fdch slupek a tuh\u00fdch vl\u00e1knit\u00fdch list\u016f, obvykle slo\u017een\u00fdch a sv\u00e1zan\u00fdch bambusov\u00fdmi pruhy a vystlan\u00fd bambusov\u00fdm listem, kter\u00fd obklopuje dan\u00e9 mno\u017estv\u00ed lisovan\u00e9ho nebo sypan\u00e9ho \u010daje.<\/p>\n<p><a href=\"https:\/\/en.wikipedia.org\/wiki\/Indocalamus_tessellatus\" target=\"_blank\" rel=\"noopener\">Ruo Ye \u7bac\u53f6<\/a>: lat. <em>Indocalamus tessellatus<\/em>, je druh bambusu pou\u017e\u00edvan\u00fd v tradi\u010dn\u00ed \u010d\u00ednsk\u00e9 medic\u00edn\u011b (TCM). Pat\u0159\u00ed do rodu <em>Indocalamus<\/em> a je p\u016fvodem z Asie, p\u0159edev\u0161\u00edm z \u010c\u00edny. Charakteristick\u00fd sv\u00fdmi mal\u00fdmi a \u00fazk\u00fdmi listy, kter\u00e9 jsou \u010dasto sb\u00edr\u00e1ny a pou\u017e\u00edv\u00e1ny v TCM. Mlad\u00e9 v\u00fdhonky bambusu jsou tak\u00e9 vyu\u017e\u00edv\u00e1ny v kulin\u00e1\u0159stv\u00ed a jsou obl\u00edbenou sou\u010d\u00e1st\u00ed tradi\u010dn\u00ed \u010d\u00ednsk\u00e9 kuchyn\u011b. V tradi\u010dn\u00ed \u010d\u00ednsk\u00e9 medic\u00edn\u011b se Ruo Ye pou\u017e\u00edv\u00e1 pro sv\u00e9 \u00fa\u010dinky na ledviny a mo\u010dov\u00fd syst\u00e9m. Tento druh bambusu je pova\u017eov\u00e1n za chladiv\u00fd a m\u00edrn\u011b ho\u0159k\u00fd, s vlastnostmi, kter\u00e9 pom\u00e1haj\u00ed posilovat ledviny, detoxikovat t\u011blo, podporovat odvodn\u011bn\u00ed a sni\u017eovat otoky.<\/p>\n","protected":false},"excerpt":{"rendered":"<p>\u010cern\u00fd (tmav\u00fd) \u010d\u00ednsk\u00fd \u010daj z provincie An-chuej, podobn\u00fd tradi\u010dn\u00edmu Lu An Hei Cha, av\u0161ak produkovan\u00fd i mimo p\u016fvodn\u011b vymezen\u00e9 oblasti. Tradi\u010dn\u011b lisov\u00e1n\/p\u011bchov\u00e1n do 500g bambusov\u00fdch ko\u0161\u00edk\u016f (Sun Qiao).<\/p>\n<p>\u010caj je v ko\u0161\u00edku vystl\u00e1n a obalen \u0161irokolist\u00fdm bambusem (Ruo Ye), pou\u017e\u00edvan\u00fdm v tradi\u010dn\u00ed \u010d\u00ednsk\u00e9 medic\u00edn\u011b. Je doporu\u010deno \u010daj p\u0159ipravovat spolu s mal\u00fdmi \u010d\u00e1stmi obalov\u00e9ho bambusoveho listu.<\/p>\n<p>N\u00e1lev jisk\u0159iv\u00e9, oran\u017eovo-\u017elut\u00e9 barvy m\u00e1 intenzivn\u00ed ovocn\u00e9 aroma s jemnou bylinnou stopou. Chu\u0165 je osv\u011b\u017euj\u00edc\u00ed, pln\u00e1, syt\u011b ovocn\u00e1 s pozvoln\u011b sl\u00e1dnouc\u00edm dozvukem.<\/p>\n","protected":false},"featured_media":11282,"template":"","meta":[],"product_cat":[142,1411,1416],"product_tag":[2093],"acf":[],"_links":{"self":[{"href":"https:\/\/velkoobchod.orijintea.com\/en\/wp-json\/wp\/v2\/product\/11309"}],"collection":[{"href":"https:\/\/velkoobchod.orijintea.com\/en\/wp-json\/wp\/v2\/product"}],"about":[{"href":"https:\/\/velkoobchod.orijintea.com\/en\/wp-json\/wp\/v2\/types\/product"}],"wp:featuredmedia":[{"embeddable":true,"href":"https:\/\/velkoobchod.orijintea.com\/en\/wp-json\/wp\/v2\/media\/11282"}],"wp:attachment":[{"href":"https:\/\/velkoobchod.orijintea.com\/en\/wp-json\/wp\/v2\/media?parent=11309"}],"wp:term":[{"taxonomy":"product_cat","embeddable":true,"href":"https:\/\/velkoobchod.orijintea.com\/en\/wp-json\/wp\/v2\/product_cat?post=11309"},{"taxonomy":"product_tag","embeddable":true,"href":"https:\/\/velkoobchod.orijintea.com\/en\/wp-json\/wp\/v2\/product_tag?post=11309"}],"curies":[{"name":"wp","href":"https:\/\/api.w.org\/{rel}","templated":true}]}}