{"id":11311,"date":"2023-07-13T13:38:22","date_gmt":"2023-07-13T11:38:22","guid":{"rendered":"https:\/\/velkoobchod.orijintea.com\/?post_type=product&#038;p=11311"},"modified":"2026-01-15T10:08:18","modified_gmt":"2026-01-15T09:08:18","slug":"xiao-qing-gan-2009","status":"publish","type":"product","link":"https:\/\/velkoobchod.orijintea.com\/en\/produkt\/xiao-qing-gan-2009\/","title":{"rendered":"Xiao Qing Gan 2009"},"content":{"rendered":"<p><a href=\"https:\/\/babelcarp.org\/babelcarp\/babelcarp.cgi?phrase=xiaoqingganpuercha\" target=\"_blank\" rel=\"noopener\">Xiao Qing Gan Pu Er Cha \u5c0f\u9752\u67d1\u666e\u6d31\u8336<\/a>: zelen\u00e1 mandarinkov\u00e1 k\u016fra pln\u011bn\u00e1 tmav\u00fdm pu-erhem, specialita ze Xinhui, Guangdong.<\/p>\n<p>Zelen\u00e9 mandarinky maj\u00ed nejvy\u0161\u0161\u00ed obsah oleje. Maj\u00ed m\u00edrn\u011b ho\u0159kou a kyselou chu\u0165 s v\u00fdrazn\u00fdm ovocn\u00fdm aroma v \u010daji. Jsou sladk\u00e9 a zanech\u00e1vaj\u00ed osv\u011b\u017euj\u00edc\u00ed dozvuk. P\u016fsob\u00ed na j\u00e1tra a \u017elu\u010dov\u00e9 cesty a maj\u00ed funkce jako regulace jatern\u00edho Qi, napom\u00e1haj\u00ed tr\u00e1ven\u00ed a chr\u00e1n\u00ed kardiovaskul\u00e1rn\u00ed syst\u00e9m. Jsou \u010dasto pou\u017e\u00edv\u00e1ny k l\u00e9\u010db\u011b p\u0159\u00edznak\u016f jako je k\u00fdla, pot\u00ed\u017ee s tr\u00e1ven\u00edm a otok prsu.<\/p>\n","protected":false},"excerpt":{"rendered":"<p>Xiao Qing Gan &#8211; doslova &#8220;mal\u00e1 zelen\u00e1 mandarinka&#8221;. Vyr\u00e1b\u00ed se z nezral\u00fdch citrus\u016f &#8211; po vydlab\u00e1n\u00ed du\u017einy se k\u016fra napln\u00ed sypan\u00fdm tmav\u00fdm pu-erhem a d\u00e1le se nech\u00e1vaj\u00ed zr\u00e1t spole\u010dn\u011b.<\/p>\n<p>T\u00edmto procesem se p\u0159enese p\u0159\u00edrodn\u00ed aroma a chu\u0165 mandarinky na \u010dajov\u00e9 l\u00edstky, co\u017e \u010daji d\u00e1v\u00e1 unik\u00e1tn\u00ed osv\u011b\u017euj\u00edc\u00ed charakter.<\/p>\n<p>Snoub\u00ed vo\u0148av\u00e9 ovocn\u00e9 aroma se sladk\u00fdm \u010dajov\u00fdm aroma. N\u00e1lev je sv\u011btle-\u010derven\u00fd, hutn\u00fd, p\u016fsob\u00ed hladce se sv\u011b\u017e\u00ed sladkost\u00ed v z\u00e1v\u011bru. Celkov\u011b je siln\u011bj\u0161\u00ed a bohat\u0161\u00ed chuti ne\u017e b\u011b\u017en\u00e9 pu-erhy, nebo\u0165 v sob\u011b m\u00e1 kombinaci sladkosti, jemn\u00e9 ho\u0159kosti a osv\u011b\u017euj\u00edc\u00edho citrusov\u00e9ho aroma.<\/p>\n<p><em>Prodej na v\u00e1hu, jeden kus = cca 16g<\/em><\/p>\n","protected":false},"featured_media":11252,"template":"","meta":[],"product_cat":[142,1411,1415],"product_tag":[2093],"acf":[],"_links":{"self":[{"href":"https:\/\/velkoobchod.orijintea.com\/en\/wp-json\/wp\/v2\/product\/11311"}],"collection":[{"href":"https:\/\/velkoobchod.orijintea.com\/en\/wp-json\/wp\/v2\/product"}],"about":[{"href":"https:\/\/velkoobchod.orijintea.com\/en\/wp-json\/wp\/v2\/types\/product"}],"wp:featuredmedia":[{"embeddable":true,"href":"https:\/\/velkoobchod.orijintea.com\/en\/wp-json\/wp\/v2\/media\/11252"}],"wp:attachment":[{"href":"https:\/\/velkoobchod.orijintea.com\/en\/wp-json\/wp\/v2\/media?parent=11311"}],"wp:term":[{"taxonomy":"product_cat","embeddable":true,"href":"https:\/\/velkoobchod.orijintea.com\/en\/wp-json\/wp\/v2\/product_cat?post=11311"},{"taxonomy":"product_tag","embeddable":true,"href":"https:\/\/velkoobchod.orijintea.com\/en\/wp-json\/wp\/v2\/product_tag?post=11311"}],"curies":[{"name":"wp","href":"https:\/\/api.w.org\/{rel}","templated":true}]}}