{"id":11316,"date":"2023-07-13T14:49:25","date_gmt":"2023-07-13T12:49:25","guid":{"rendered":"https:\/\/velkoobchod.orijintea.com\/?post_type=product&#038;p=11316"},"modified":"2026-03-09T13:38:43","modified_gmt":"2026-03-09T12:38:43","slug":"bu-lang-da-shu-2010-xiao-bing","status":"publish","type":"product","link":"https:\/\/velkoobchod.orijintea.com\/en\/produkt\/bu-lang-da-shu-2010-xiao-bing\/","title":{"rendered":"Bu Lang Da Shu 2010 Xiao Bing"},"content":{"rendered":"<p><a href=\"http:\/\/babelcarp.org\/babelcarp\/babelcarp.cgi?phrase=dashu\" target=\"_blank\" rel=\"noopener\">Da Shu \u5927\u6811<\/a>: doslova &#8220;velk\u00fd strom&#8221;, \u010dajovn\u00edky kter\u00fdm bylo umo\u017en\u011bno vyr\u016fst do podoby vzrostl\u00fdch strom\u016f, v kontextu pu-erhu cen\u011bn\u00fd zdroj vysoce kvalitn\u00ed maocha.<\/p>\n","protected":false},"excerpt":{"rendered":"<p>Pln\u00fd a hutn\u00fd, p\u0159\u00edjemn\u011b nasl\u00e1dl\u00fd tmav\u00fd pu-erh specifick\u00e9 chuti zpracovan\u00fd ze zlat\u00fdch tips\u016f (Jin Zhen). Zpracov\u00e1no v\u00fdhrad\u011b z nejvy\u0161\u0161\u00ed tipsov\u00e9 kvality listu &#8211; Gong Ting.<\/p>\n<p>Pr\u00e9miov\u00fd tmav\u00fd pu-erh (shupu) od mlad\u00e9 \u010d\u00ednsk\u00e9 firmy, kter\u00e1 si d\u00e1v\u00e1 z\u00e1le\u017eet nejen na modern\u00edm a l\u00edbiv\u00e9m balen\u00ed, ale tak\u00e9 na vysok\u00e9 kvalit\u011b a pe\u010dliv\u00e9m v\u00fdb\u011bru pou\u017eit\u00e9 maocha.<\/p>\n<p>\u010caj je lisovan\u00fd do mal\u00fdch, jednotliv\u011b balen\u00fdch kol\u00e1\u010dk\u016f po 7g (box 8ks \/ 56g).<\/p>\n","protected":false},"featured_media":11244,"template":"","meta":[],"product_cat":[142,1411,1415],"product_tag":[2093],"acf":[],"_links":{"self":[{"href":"https:\/\/velkoobchod.orijintea.com\/en\/wp-json\/wp\/v2\/product\/11316"}],"collection":[{"href":"https:\/\/velkoobchod.orijintea.com\/en\/wp-json\/wp\/v2\/product"}],"about":[{"href":"https:\/\/velkoobchod.orijintea.com\/en\/wp-json\/wp\/v2\/types\/product"}],"wp:featuredmedia":[{"embeddable":true,"href":"https:\/\/velkoobchod.orijintea.com\/en\/wp-json\/wp\/v2\/media\/11244"}],"wp:attachment":[{"href":"https:\/\/velkoobchod.orijintea.com\/en\/wp-json\/wp\/v2\/media?parent=11316"}],"wp:term":[{"taxonomy":"product_cat","embeddable":true,"href":"https:\/\/velkoobchod.orijintea.com\/en\/wp-json\/wp\/v2\/product_cat?post=11316"},{"taxonomy":"product_tag","embeddable":true,"href":"https:\/\/velkoobchod.orijintea.com\/en\/wp-json\/wp\/v2\/product_tag?post=11316"}],"curies":[{"name":"wp","href":"https:\/\/api.w.org\/{rel}","templated":true}]}}