{"id":11317,"date":"2023-07-13T15:17:17","date_gmt":"2023-07-13T13:17:17","guid":{"rendered":"https:\/\/velkoobchod.orijintea.com\/?post_type=product&#038;p=11317"},"modified":"2026-03-30T10:20:17","modified_gmt":"2026-03-30T08:20:17","slug":"orijin-2023-simao-zhuan-100g","status":"publish","type":"product","link":"https:\/\/velkoobchod.orijintea.com\/en\/produkt\/orijin-2023-simao-zhuan-100g\/","title":{"rendered":"Orijin 2023 Simao Zhuan 100g"},"content":{"rendered":"<p>\u010caj byl sb\u00edr\u00e1n, fermentov\u00e1n &amp; slisov\u00e1n na ja\u0159e roku 2023. Pou\u017eit\u00e1 maocha poch\u00e1z\u00ed z vysoce polo\u017een\u00fdch bio \u010dajov\u00fdch zahrad (1300 &#8211; 1800 m.n.m.).<\/p>\n<p>Zaj\u00edci na obalu reflektuj\u00ed znamen\u00ed \u010d\u00ednsk\u00e9ho horoskopu roku produkce (vodn\u00ed Zaj\u00edc).<\/p>\n","protected":false},"excerpt":{"rendered":"<p>Mal\u00e1 cihla tmav\u00e9ho pu-erhu (shupu) na\u0161\u00ed produkce pod zna\u010dkou Orijin.<\/p>\n<p>Vyv\u00e1\u017een\u00e9 p\u0159\u00edjemn\u011b sl\u00e1dnouc\u00ed chuti se stopami o\u0159ech\u016f a \u010d\u00ednsk\u00fdch datl\u00ed. V\u00fdborn\u00fd k okam\u017eit\u00e9mu pop\u00edjen\u00ed i dlouhodob\u00e9 archivaci.<\/p>\n","protected":false},"featured_media":11236,"template":"","meta":[],"product_cat":[142,1412,1411,1417,1415],"product_tag":[],"acf":[],"_links":{"self":[{"href":"https:\/\/velkoobchod.orijintea.com\/en\/wp-json\/wp\/v2\/product\/11317"}],"collection":[{"href":"https:\/\/velkoobchod.orijintea.com\/en\/wp-json\/wp\/v2\/product"}],"about":[{"href":"https:\/\/velkoobchod.orijintea.com\/en\/wp-json\/wp\/v2\/types\/product"}],"wp:featuredmedia":[{"embeddable":true,"href":"https:\/\/velkoobchod.orijintea.com\/en\/wp-json\/wp\/v2\/media\/11236"}],"wp:attachment":[{"href":"https:\/\/velkoobchod.orijintea.com\/en\/wp-json\/wp\/v2\/media?parent=11317"}],"wp:term":[{"taxonomy":"product_cat","embeddable":true,"href":"https:\/\/velkoobchod.orijintea.com\/en\/wp-json\/wp\/v2\/product_cat?post=11317"},{"taxonomy":"product_tag","embeddable":true,"href":"https:\/\/velkoobchod.orijintea.com\/en\/wp-json\/wp\/v2\/product_tag?post=11317"}],"curies":[{"name":"wp","href":"https:\/\/api.w.org\/{rel}","templated":true}]}}