{"id":11321,"date":"2023-07-17T09:30:11","date_gmt":"2023-07-17T07:30:11","guid":{"rendered":"https:\/\/velkoobchod.orijintea.com\/?post_type=product&#038;p=11321"},"modified":"2025-12-17T11:56:06","modified_gmt":"2025-12-17T10:56:06","slug":"bang-wai-2016-bing-357g","status":"publish","type":"product","link":"https:\/\/velkoobchod.orijintea.com\/en\/produkt\/bang-wai-2016-bing-357g\/","title":{"rendered":"Bang Wai 2016 Bing 357g"},"content":{"rendered":"<p><a href=\"https:\/\/orijintea.com\/wp-content\/uploads\/bangwai_ancient-tree.jpg\" target=\"_blank\" rel=\"noopener\"><img loading=\"lazy\" class=\"alignnone wp-image-1079\" src=\"https:\/\/orijintea.com\/wp-content\/uploads\/bangwai_ancient-tree.jpg\" alt=\"\" width=\"448\" height=\"335\" srcset=\"https:\/\/velkoobchod.orijintea.com\/wp-content\/uploads\/bangwai_ancient-tree.jpg 550w, https:\/\/velkoobchod.orijintea.com\/wp-content\/uploads\/bangwai_ancient-tree-150x112.jpg 150w, https:\/\/velkoobchod.orijintea.com\/wp-content\/uploads\/bangwai_ancient-tree-300x225.jpg 300w\" sizes=\"(max-width: 448px) 100vw, 448px\" \/><\/a><\/p>\n<p><a href=\"https:\/\/babelcarp.org\/babelcarp\/babelcarp.cgi?phrase=Bang1+Wei1+Shan1\" target=\"_blank\" rel=\"noopener\"><strong>Bang Wei Shan \u90a6\u5d34\u5c71<\/strong><\/a>: pom\u011brn\u011b nezn\u00e1m\u00e1 hora v okrese Fu Dong, Lan Cang s rozlehl\u00fdmi lesy star\u00fdch divok\u00fdch \u010dajov\u00fdch strom\u016f. Na ho\u0159e Bang Wei se nach\u00e1z\u00ed st\u00e1tem vlastn\u011bn\u00fd a chr\u00e1n\u011bn\u00fd, minim\u00e1ln\u011b 1000 let star\u00fd \u010dajov\u00fd strom tranzitn\u00edho typu <a href=\"https:\/\/babelcarp.org\/babelcarp\/babelcarp.cgi?phrase=Guo4+Du4+Xing2\" target=\"_blank\" rel=\"noopener\"><strong>Guo Du Xing \u8fc7\u6e21\u578b<\/strong><\/a>, kter\u00fd nen\u00ed zcela druhem Camelia Sinensis ani \u017e\u00e1dn\u00fdm jin\u00fdm dosud zn\u00e1m\u00fdm druhem \u010dajovn\u00edku. V roce 1993 to potvrdila expedice 181 expert\u016f a u\u010denc\u016f z dev\u00edti zem\u00ed a elegantn\u011b tak prok\u00e1zala, \u017ee prap\u016fvod ve\u0161ker\u00e9ho \u010daje na sv\u011bt\u011b je provincie Yunnan v \u010c\u00edn\u011b.<\/p>\n<p><a href=\"https:\/\/orijintea.com\/wp-content\/uploads\/bangwai_ancient-tree-detail-yuys.jpg\" target=\"_blank\" rel=\"noopener\"><img loading=\"lazy\" class=\"alignnone wp-image-1081\" src=\"https:\/\/orijintea.com\/wp-content\/uploads\/bangwai_ancient-tree-detail-yuys.jpg\" alt=\"\" width=\"447\" height=\"367\" srcset=\"https:\/\/velkoobchod.orijintea.com\/wp-content\/uploads\/bangwai_ancient-tree-detail-yuys.jpg 640w, https:\/\/velkoobchod.orijintea.com\/wp-content\/uploads\/bangwai_ancient-tree-detail-yuys-150x123.jpg 150w, https:\/\/velkoobchod.orijintea.com\/wp-content\/uploads\/bangwai_ancient-tree-detail-yuys-600x493.jpg 600w, https:\/\/velkoobchod.orijintea.com\/wp-content\/uploads\/bangwai_ancient-tree-detail-yuys-300x247.jpg 300w\" sizes=\"(max-width: 447px) 100vw, 447px\" \/><\/a><\/p>\n","protected":false},"excerpt":{"rendered":"<p>Voln\u011bji lisovan\u00fd velk\u00fd kol\u00e1\u010d tmav\u00e9ho pu-erhu (shupu) poch\u00e1zej\u00edc\u00ed z hory Bang Wai Shan, produkce roku 2016.<\/p>\n<p>Pln\u00fd a hladk\u00fd, p\u0159\u00edjemn\u011b nasl\u00e1dl\u00fd s n\u00e1znakem o\u0159ech\u016f a o\u0159echov\u00fdch slupek, typick\u00fd chu\u0165ov\u00fd profil star\u0161\u00edch tmav\u00fdch pu-erh\u016f.<\/p>\n<p>N\u00e1lev temn\u011b rud\u00e9 barvy von\u00ed jemn\u011b ovocn\u011b. Chu\u0165 je v\u00fdrazn\u011b nasl\u00e1dl\u00e1, hutn\u00e1 a kulat\u00e1 se sl\u00e1dnouc\u00edm dozvukem na pat\u0159e.<\/p>\n","protected":false},"featured_media":11347,"template":"","meta":[],"product_cat":[142,1411,1415],"product_tag":[],"acf":[],"_links":{"self":[{"href":"https:\/\/velkoobchod.orijintea.com\/en\/wp-json\/wp\/v2\/product\/11321"}],"collection":[{"href":"https:\/\/velkoobchod.orijintea.com\/en\/wp-json\/wp\/v2\/product"}],"about":[{"href":"https:\/\/velkoobchod.orijintea.com\/en\/wp-json\/wp\/v2\/types\/product"}],"wp:featuredmedia":[{"embeddable":true,"href":"https:\/\/velkoobchod.orijintea.com\/en\/wp-json\/wp\/v2\/media\/11347"}],"wp:attachment":[{"href":"https:\/\/velkoobchod.orijintea.com\/en\/wp-json\/wp\/v2\/media?parent=11321"}],"wp:term":[{"taxonomy":"product_cat","embeddable":true,"href":"https:\/\/velkoobchod.orijintea.com\/en\/wp-json\/wp\/v2\/product_cat?post=11321"},{"taxonomy":"product_tag","embeddable":true,"href":"https:\/\/velkoobchod.orijintea.com\/en\/wp-json\/wp\/v2\/product_tag?post=11321"}],"curies":[{"name":"wp","href":"https:\/\/api.w.org\/{rel}","templated":true}]}}