{"id":11323,"date":"2023-07-17T12:52:38","date_gmt":"2023-07-17T10:52:38","guid":{"rendered":"https:\/\/velkoobchod.orijintea.com\/?post_type=product&#038;p=11323"},"modified":"2026-03-09T12:27:19","modified_gmt":"2026-03-09T11:27:19","slug":"long-sheng-0638-bing-357g","status":"publish","type":"product","link":"https:\/\/velkoobchod.orijintea.com\/en\/produkt\/long-sheng-0638-bing-357g\/","title":{"rendered":"Long Sheng 0638 Bing 357g"},"content":{"rendered":"","protected":false},"excerpt":{"rendered":"<p>Precizn\u011b zpracovan\u00fd pu-erh vyroben\u00fd z produkce 2006.<\/p>\n<p>V\u016fn\u011b \u010daje je pln\u00e1 a sv\u011b\u017e\u00ed, p\u0159ipom\u00ednaj\u00edc\u00ed sladk\u00e9 \u010d\u00ednsk\u00e9 datle a zral\u00e9 ovoce (Zao Xiang). N\u00e1lev je syt\u00e9, pln\u00e9 chuti s nasl\u00e1dl\u00fdmi o\u0159echov\u00fdmi a\u017e \u010dokol\u00e1dovit\u00fdmi t\u00f3ny.<\/p>\n<p>V \u010daji chyb\u00ed jak\u00e9koli zn\u00e1mky zatuchlosti, trpkosti \u010di kou\u0159ovitosti, je\u017e jsou p\u0159\u00edzna\u010dn\u00e9 pro mlad\u00e9 a hlavn\u011b nekvalitn\u011b zpracovan\u00e9 tmav\u00e9 pu-erhy.<\/p>\n","protected":false},"featured_media":11351,"template":"","meta":[],"product_cat":[142,1411,1415],"product_tag":[],"acf":[],"_links":{"self":[{"href":"https:\/\/velkoobchod.orijintea.com\/en\/wp-json\/wp\/v2\/product\/11323"}],"collection":[{"href":"https:\/\/velkoobchod.orijintea.com\/en\/wp-json\/wp\/v2\/product"}],"about":[{"href":"https:\/\/velkoobchod.orijintea.com\/en\/wp-json\/wp\/v2\/types\/product"}],"wp:featuredmedia":[{"embeddable":true,"href":"https:\/\/velkoobchod.orijintea.com\/en\/wp-json\/wp\/v2\/media\/11351"}],"wp:attachment":[{"href":"https:\/\/velkoobchod.orijintea.com\/en\/wp-json\/wp\/v2\/media?parent=11323"}],"wp:term":[{"taxonomy":"product_cat","embeddable":true,"href":"https:\/\/velkoobchod.orijintea.com\/en\/wp-json\/wp\/v2\/product_cat?post=11323"},{"taxonomy":"product_tag","embeddable":true,"href":"https:\/\/velkoobchod.orijintea.com\/en\/wp-json\/wp\/v2\/product_tag?post=11323"}],"curies":[{"name":"wp","href":"https:\/\/api.w.org\/{rel}","templated":true}]}}