{"id":11324,"date":"2023-07-17T12:58:42","date_gmt":"2023-07-17T10:58:42","guid":{"rendered":"https:\/\/velkoobchod.orijintea.com\/?post_type=product&#038;p=11324"},"modified":"2026-03-30T10:10:05","modified_gmt":"2026-03-30T08:10:05","slug":"orijin-2023-simao-sheng-bing-100g","status":"publish","type":"product","link":"https:\/\/velkoobchod.orijintea.com\/en\/produkt\/orijin-2023-simao-sheng-bing-100g\/","title":{"rendered":"Orijin 2023 Simao Sheng Bing 100g"},"content":{"rendered":"<p>\u010caj byl sb\u00edr\u00e1n &amp; slisov\u00e1n na ja\u0159e roku 2023. Pou\u017eit\u00e1 maocha poch\u00e1z\u00ed z vysoce polo\u017een\u00fdch bio \u010dajov\u00fdch zahrad (1300 \u2013 1800 m.n.m.).<\/p>\n<p>Zaj\u00edci na obalu reflektuj\u00ed znamen\u00ed \u010d\u00ednsk\u00e9ho horoskopu roku produkce (vodn\u00ed Zaj\u00edc).<\/p>\n","protected":false},"excerpt":{"rendered":"<p>Mal\u00fd kol\u00e1\u010d zelen\u00e9ho (sheng) pu-erhu\u00a0na\u0161\u00ed produkce pod zna\u010dkou Orijin.<\/p>\n<p>\u017dlut\u00fd n\u00e1lev jisk\u0159iv\u00e9 barvy a \u010derstv\u00e9 v\u016fn\u011b s plnou, ovocn\u011b nasl\u00e1dlou a sv\u011b\u017e\u011b \u0159\u00edznou chut\u00ed se sl\u00e1dnouc\u00edm aftertastem.<\/p>\n<p>\u010caj m\u00e1 v sob\u011b znatelnou s\u00edlu, vydr\u017e\u00ed mnoho n\u00e1lev\u016f (m\u016f\u017eete jej sm\u011ble vychutn\u00e1vat b\u011bhem cel\u00e9ho dne) a m\u00e1 slu\u0161n\u00fd potenci\u00e1l k dal\u0161\u00edmu zr\u00e1n\u00ed.<\/p>\n","protected":false},"featured_media":11355,"template":"","meta":[],"product_cat":[142,1412,1411,1417,1414],"product_tag":[2093],"acf":[],"_links":{"self":[{"href":"https:\/\/velkoobchod.orijintea.com\/en\/wp-json\/wp\/v2\/product\/11324"}],"collection":[{"href":"https:\/\/velkoobchod.orijintea.com\/en\/wp-json\/wp\/v2\/product"}],"about":[{"href":"https:\/\/velkoobchod.orijintea.com\/en\/wp-json\/wp\/v2\/types\/product"}],"wp:featuredmedia":[{"embeddable":true,"href":"https:\/\/velkoobchod.orijintea.com\/en\/wp-json\/wp\/v2\/media\/11355"}],"wp:attachment":[{"href":"https:\/\/velkoobchod.orijintea.com\/en\/wp-json\/wp\/v2\/media?parent=11324"}],"wp:term":[{"taxonomy":"product_cat","embeddable":true,"href":"https:\/\/velkoobchod.orijintea.com\/en\/wp-json\/wp\/v2\/product_cat?post=11324"},{"taxonomy":"product_tag","embeddable":true,"href":"https:\/\/velkoobchod.orijintea.com\/en\/wp-json\/wp\/v2\/product_tag?post=11324"}],"curies":[{"name":"wp","href":"https:\/\/api.w.org\/{rel}","templated":true}]}}