{"id":11582,"date":"2023-08-21T16:17:58","date_gmt":"2023-08-21T14:17:58","guid":{"rendered":"https:\/\/velkoobchod.orijintea.com\/produkt\/konev-litina-lotos\/"},"modified":"2026-03-30T10:20:16","modified_gmt":"2026-03-30T08:20:16","slug":"konev-litina-lotos","status":"publish","type":"product","link":"https:\/\/velkoobchod.orijintea.com\/en\/produkt\/konev-litina-lotos\/","title":{"rendered":"Konev litina lotos"},"content":{"rendered":"","protected":false},"excerpt":{"rendered":"<p>V\u011bt\u0161\u00ed litinov\u00e1 konev s p\u0159\u00edm\u011bs\u00ed m\u011bdi. Dekor lotosu. Hladk\u00fd glazovan\u00fd povrch uvnit\u0159.<\/p>\n","protected":false},"featured_media":11710,"template":"","meta":[],"product_cat":[1432,1443],"product_tag":[],"acf":[],"_links":{"self":[{"href":"https:\/\/velkoobchod.orijintea.com\/en\/wp-json\/wp\/v2\/product\/11582"}],"collection":[{"href":"https:\/\/velkoobchod.orijintea.com\/en\/wp-json\/wp\/v2\/product"}],"about":[{"href":"https:\/\/velkoobchod.orijintea.com\/en\/wp-json\/wp\/v2\/types\/product"}],"wp:featuredmedia":[{"embeddable":true,"href":"https:\/\/velkoobchod.orijintea.com\/en\/wp-json\/wp\/v2\/media\/11710"}],"wp:attachment":[{"href":"https:\/\/velkoobchod.orijintea.com\/en\/wp-json\/wp\/v2\/media?parent=11582"}],"wp:term":[{"taxonomy":"product_cat","embeddable":true,"href":"https:\/\/velkoobchod.orijintea.com\/en\/wp-json\/wp\/v2\/product_cat?post=11582"},{"taxonomy":"product_tag","embeddable":true,"href":"https:\/\/velkoobchod.orijintea.com\/en\/wp-json\/wp\/v2\/product_tag?post=11582"}],"curies":[{"name":"wp","href":"https:\/\/api.w.org\/{rel}","templated":true}]}}