{"id":11585,"date":"2023-08-21T16:18:05","date_gmt":"2023-08-21T14:18:05","guid":{"rendered":"https:\/\/velkoobchod.orijintea.com\/produkt\/konev-litina-strom\/"},"modified":"2025-07-16T15:18:16","modified_gmt":"2025-07-16T13:18:16","slug":"konev-litina-strom","status":"publish","type":"product","link":"https:\/\/velkoobchod.orijintea.com\/en\/produkt\/konev-litina-strom\/","title":{"rendered":"Konev litina strom"},"content":{"rendered":"","protected":false},"excerpt":{"rendered":"<p>Pr\u00e9miov\u00e1 neglazovan\u00e1 litinov\u00e1 konev ur\u010den\u00e1 na oh\u0159ev vody. Vyroben\u00e1 prim\u00e1rn\u011b pro Japonsk\u00fd trh.<\/p>\n","protected":false},"featured_media":11676,"template":"","meta":[],"product_cat":[1432,1443],"product_tag":[],"acf":[],"_links":{"self":[{"href":"https:\/\/velkoobchod.orijintea.com\/en\/wp-json\/wp\/v2\/product\/11585"}],"collection":[{"href":"https:\/\/velkoobchod.orijintea.com\/en\/wp-json\/wp\/v2\/product"}],"about":[{"href":"https:\/\/velkoobchod.orijintea.com\/en\/wp-json\/wp\/v2\/types\/product"}],"wp:featuredmedia":[{"embeddable":true,"href":"https:\/\/velkoobchod.orijintea.com\/en\/wp-json\/wp\/v2\/media\/11676"}],"wp:attachment":[{"href":"https:\/\/velkoobchod.orijintea.com\/en\/wp-json\/wp\/v2\/media?parent=11585"}],"wp:term":[{"taxonomy":"product_cat","embeddable":true,"href":"https:\/\/velkoobchod.orijintea.com\/en\/wp-json\/wp\/v2\/product_cat?post=11585"},{"taxonomy":"product_tag","embeddable":true,"href":"https:\/\/velkoobchod.orijintea.com\/en\/wp-json\/wp\/v2\/product_tag?post=11585"}],"curies":[{"name":"wp","href":"https:\/\/api.w.org\/{rel}","templated":true}]}}