{"id":11589,"date":"2023-08-21T16:18:11","date_gmt":"2023-08-21T14:18:11","guid":{"rendered":"https:\/\/velkoobchod.orijintea.com\/produkt\/konev-litina-bambus\/"},"modified":"2026-03-05T12:51:28","modified_gmt":"2026-03-05T11:51:28","slug":"konev-litina-bambus","status":"publish","type":"product","link":"https:\/\/velkoobchod.orijintea.com\/en\/produkt\/konev-litina-bambus\/","title":{"rendered":"Konev litina bambus"},"content":{"rendered":"","protected":false},"excerpt":{"rendered":"<p>Pr\u00e9miov\u00e1 neglazovan\u00e1 litinov\u00e1 konev ur\u010den\u00e1 na oh\u0159ev vody. Vyroben\u00e1 prim\u00e1rn\u011b pro Japonsk\u00fd trh.<\/p>\n","protected":false},"featured_media":11698,"template":"","meta":[],"product_cat":[1432,1443],"product_tag":[],"acf":[],"_links":{"self":[{"href":"https:\/\/velkoobchod.orijintea.com\/en\/wp-json\/wp\/v2\/product\/11589"}],"collection":[{"href":"https:\/\/velkoobchod.orijintea.com\/en\/wp-json\/wp\/v2\/product"}],"about":[{"href":"https:\/\/velkoobchod.orijintea.com\/en\/wp-json\/wp\/v2\/types\/product"}],"wp:featuredmedia":[{"embeddable":true,"href":"https:\/\/velkoobchod.orijintea.com\/en\/wp-json\/wp\/v2\/media\/11698"}],"wp:attachment":[{"href":"https:\/\/velkoobchod.orijintea.com\/en\/wp-json\/wp\/v2\/media?parent=11589"}],"wp:term":[{"taxonomy":"product_cat","embeddable":true,"href":"https:\/\/velkoobchod.orijintea.com\/en\/wp-json\/wp\/v2\/product_cat?post=11589"},{"taxonomy":"product_tag","embeddable":true,"href":"https:\/\/velkoobchod.orijintea.com\/en\/wp-json\/wp\/v2\/product_tag?post=11589"}],"curies":[{"name":"wp","href":"https:\/\/api.w.org\/{rel}","templated":true}]}}