{"id":11592,"date":"2023-08-21T16:18:16","date_gmt":"2023-08-21T14:18:16","guid":{"rendered":"https:\/\/velkoobchod.orijintea.com\/produkt\/dzbanek-sklo-300ml\/"},"modified":"2026-03-17T15:22:54","modified_gmt":"2026-03-17T14:22:54","slug":"dzbanek-sklo-300ml","status":"publish","type":"product","link":"https:\/\/velkoobchod.orijintea.com\/en\/produkt\/dzbanek-sklo-300ml\/","title":{"rendered":"D\u017eb\u00e1nek sklo 300ml"},"content":{"rendered":"","protected":false},"excerpt":{"rendered":"<p>Modrn\u00ed sklen\u011bn\u00fd d\u017eb\u00e1nek s bambusov\u00fdm uchem.<\/p>\n","protected":false},"featured_media":12034,"template":"","meta":[],"product_cat":[1467,1432,1466],"product_tag":[],"acf":[],"_links":{"self":[{"href":"https:\/\/velkoobchod.orijintea.com\/en\/wp-json\/wp\/v2\/product\/11592"}],"collection":[{"href":"https:\/\/velkoobchod.orijintea.com\/en\/wp-json\/wp\/v2\/product"}],"about":[{"href":"https:\/\/velkoobchod.orijintea.com\/en\/wp-json\/wp\/v2\/types\/product"}],"wp:featuredmedia":[{"embeddable":true,"href":"https:\/\/velkoobchod.orijintea.com\/en\/wp-json\/wp\/v2\/media\/12034"}],"wp:attachment":[{"href":"https:\/\/velkoobchod.orijintea.com\/en\/wp-json\/wp\/v2\/media?parent=11592"}],"wp:term":[{"taxonomy":"product_cat","embeddable":true,"href":"https:\/\/velkoobchod.orijintea.com\/en\/wp-json\/wp\/v2\/product_cat?post=11592"},{"taxonomy":"product_tag","embeddable":true,"href":"https:\/\/velkoobchod.orijintea.com\/en\/wp-json\/wp\/v2\/product_tag?post=11592"}],"curies":[{"name":"wp","href":"https:\/\/api.w.org\/{rel}","templated":true}]}}