{"id":11595,"date":"2023-08-21T16:18:25","date_gmt":"2023-08-21T14:18:25","guid":{"rendered":"https:\/\/velkoobchod.orijintea.com\/produkt\/souprava-yixing-doz\/"},"modified":"2025-10-06T12:46:24","modified_gmt":"2025-10-06T10:46:24","slug":"souprava-yixing-doz","status":"publish","type":"product","link":"https:\/\/velkoobchod.orijintea.com\/en\/produkt\/souprava-yixing-doz\/","title":{"rendered":"Souprava yixing d\u00f3z"},"content":{"rendered":"","protected":false},"excerpt":{"rendered":"<p>Souprava 4 ks men\u0161\u00edch yixingsk\u00fdch d\u00f3z na \u010daj.<\/p>\n","protected":false},"featured_media":11516,"template":"","meta":[],"product_cat":[1446,1432,1459],"product_tag":[],"acf":[],"_links":{"self":[{"href":"https:\/\/velkoobchod.orijintea.com\/en\/wp-json\/wp\/v2\/product\/11595"}],"collection":[{"href":"https:\/\/velkoobchod.orijintea.com\/en\/wp-json\/wp\/v2\/product"}],"about":[{"href":"https:\/\/velkoobchod.orijintea.com\/en\/wp-json\/wp\/v2\/types\/product"}],"wp:featuredmedia":[{"embeddable":true,"href":"https:\/\/velkoobchod.orijintea.com\/en\/wp-json\/wp\/v2\/media\/11516"}],"wp:attachment":[{"href":"https:\/\/velkoobchod.orijintea.com\/en\/wp-json\/wp\/v2\/media?parent=11595"}],"wp:term":[{"taxonomy":"product_cat","embeddable":true,"href":"https:\/\/velkoobchod.orijintea.com\/en\/wp-json\/wp\/v2\/product_cat?post=11595"},{"taxonomy":"product_tag","embeddable":true,"href":"https:\/\/velkoobchod.orijintea.com\/en\/wp-json\/wp\/v2\/product_tag?post=11595"}],"curies":[{"name":"wp","href":"https:\/\/api.w.org\/{rel}","templated":true}]}}