{"id":11596,"date":"2023-08-21T16:18:26","date_gmt":"2023-08-21T14:18:26","guid":{"rendered":"https:\/\/velkoobchod.orijintea.com\/produkt\/salek-celadon-zeleny\/"},"modified":"2025-11-26T15:21:23","modified_gmt":"2025-11-26T14:21:23","slug":"salek-celadon-zeleny","status":"publish","type":"product","link":"https:\/\/velkoobchod.orijintea.com\/en\/produkt\/salek-celadon-zeleny\/","title":{"rendered":"\u0160\u00e1lek celadon zelen\u00fd"},"content":{"rendered":"","protected":false},"excerpt":{"rendered":"<p>K\u00f3nick\u00fd zelen\u00fd celadonov\u00fd \u0161\u00e1lek s prasklinami v glazu\u0159e, kter\u00e9 se \u010dasem vykresl\u00ed a budou \u0161\u00e1lek origin\u00e1ln\u011b zdobit.<\/p>\n","protected":false},"featured_media":12012,"template":"","meta":[],"product_cat":[1455,1432,1454,1477],"product_tag":[],"acf":[],"_links":{"self":[{"href":"https:\/\/velkoobchod.orijintea.com\/en\/wp-json\/wp\/v2\/product\/11596"}],"collection":[{"href":"https:\/\/velkoobchod.orijintea.com\/en\/wp-json\/wp\/v2\/product"}],"about":[{"href":"https:\/\/velkoobchod.orijintea.com\/en\/wp-json\/wp\/v2\/types\/product"}],"wp:featuredmedia":[{"embeddable":true,"href":"https:\/\/velkoobchod.orijintea.com\/en\/wp-json\/wp\/v2\/media\/12012"}],"wp:attachment":[{"href":"https:\/\/velkoobchod.orijintea.com\/en\/wp-json\/wp\/v2\/media?parent=11596"}],"wp:term":[{"taxonomy":"product_cat","embeddable":true,"href":"https:\/\/velkoobchod.orijintea.com\/en\/wp-json\/wp\/v2\/product_cat?post=11596"},{"taxonomy":"product_tag","embeddable":true,"href":"https:\/\/velkoobchod.orijintea.com\/en\/wp-json\/wp\/v2\/product_tag?post=11596"}],"curies":[{"name":"wp","href":"https:\/\/api.w.org\/{rel}","templated":true}]}}