{"id":11599,"date":"2023-08-21T16:18:31","date_gmt":"2023-08-21T14:18:31","guid":{"rendered":"https:\/\/velkoobchod.orijintea.com\/produkt\/konvicka-s-bocnim-uchem-180ml\/"},"modified":"2025-08-26T15:48:20","modified_gmt":"2025-08-26T13:48:20","slug":"konvicka-s-bocnim-uchem-180ml","status":"publish","type":"product","link":"https:\/\/velkoobchod.orijintea.com\/en\/produkt\/konvicka-s-bocnim-uchem-180ml\/","title":{"rendered":"Konvi\u010dka s bo\u010dn\u00edm uchem 180ml"},"content":{"rendered":"","protected":false},"excerpt":{"rendered":"<p>\u010cist\u011b b\u00edl\u00e1 konvi\u010dka s bo\u010dn\u00edm uchem vyroben\u00e1 z kvalitn\u00edho porcel\u00e1nu z Jing De Zhen.<\/p>\n","protected":false},"featured_media":11428,"template":"","meta":[],"product_cat":[1432,1457,1454],"product_tag":[],"acf":[],"_links":{"self":[{"href":"https:\/\/velkoobchod.orijintea.com\/en\/wp-json\/wp\/v2\/product\/11599"}],"collection":[{"href":"https:\/\/velkoobchod.orijintea.com\/en\/wp-json\/wp\/v2\/product"}],"about":[{"href":"https:\/\/velkoobchod.orijintea.com\/en\/wp-json\/wp\/v2\/types\/product"}],"wp:featuredmedia":[{"embeddable":true,"href":"https:\/\/velkoobchod.orijintea.com\/en\/wp-json\/wp\/v2\/media\/11428"}],"wp:attachment":[{"href":"https:\/\/velkoobchod.orijintea.com\/en\/wp-json\/wp\/v2\/media?parent=11599"}],"wp:term":[{"taxonomy":"product_cat","embeddable":true,"href":"https:\/\/velkoobchod.orijintea.com\/en\/wp-json\/wp\/v2\/product_cat?post=11599"},{"taxonomy":"product_tag","embeddable":true,"href":"https:\/\/velkoobchod.orijintea.com\/en\/wp-json\/wp\/v2\/product_tag?post=11599"}],"curies":[{"name":"wp","href":"https:\/\/api.w.org\/{rel}","templated":true}]}}