{"id":11600,"date":"2023-08-21T16:18:32","date_gmt":"2023-08-21T14:18:32","guid":{"rendered":"https:\/\/velkoobchod.orijintea.com\/produkt\/jemne-kovove-sitko\/"},"modified":"2026-02-26T09:52:24","modified_gmt":"2026-02-26T08:52:24","slug":"jemne-kovove-sitko","status":"publish","type":"product","link":"https:\/\/velkoobchod.orijintea.com\/en\/produkt\/jemne-kovove-sitko\/","title":{"rendered":"Jemn\u00e9 kovov\u00e9 s\u00edtko"},"content":{"rendered":"","protected":false},"excerpt":{"rendered":"<p>Velmi jemn\u00e9 kovov\u00e9 s\u00edtko na \u010daj s bambusov\u00fdm dr\u017e\u00e1tkem.<\/p>\n","protected":false},"featured_media":11444,"template":"","meta":[],"product_cat":[1432,1460,1459,1462],"product_tag":[],"acf":[],"_links":{"self":[{"href":"https:\/\/velkoobchod.orijintea.com\/en\/wp-json\/wp\/v2\/product\/11600"}],"collection":[{"href":"https:\/\/velkoobchod.orijintea.com\/en\/wp-json\/wp\/v2\/product"}],"about":[{"href":"https:\/\/velkoobchod.orijintea.com\/en\/wp-json\/wp\/v2\/types\/product"}],"wp:featuredmedia":[{"embeddable":true,"href":"https:\/\/velkoobchod.orijintea.com\/en\/wp-json\/wp\/v2\/media\/11444"}],"wp:attachment":[{"href":"https:\/\/velkoobchod.orijintea.com\/en\/wp-json\/wp\/v2\/media?parent=11600"}],"wp:term":[{"taxonomy":"product_cat","embeddable":true,"href":"https:\/\/velkoobchod.orijintea.com\/en\/wp-json\/wp\/v2\/product_cat?post=11600"},{"taxonomy":"product_tag","embeddable":true,"href":"https:\/\/velkoobchod.orijintea.com\/en\/wp-json\/wp\/v2\/product_tag?post=11600"}],"curies":[{"name":"wp","href":"https:\/\/api.w.org\/{rel}","templated":true}]}}