{"id":11601,"date":"2023-08-21T16:18:34","date_gmt":"2023-08-21T14:18:34","guid":{"rendered":"https:\/\/velkoobchod.orijintea.com\/produkt\/bambusova-lopatka-2\/"},"modified":"2025-11-11T12:21:22","modified_gmt":"2025-11-11T11:21:22","slug":"bambusova-lopatka-2","status":"publish","type":"product","link":"https:\/\/velkoobchod.orijintea.com\/en\/produkt\/bambusova-lopatka-2\/","title":{"rendered":"Bambusov\u00e1 lopatka"},"content":{"rendered":"","protected":false},"excerpt":{"rendered":"<p>Zdoben\u00e1 bambusov\u00e1 lopatka na \u010daj.<\/p>\n","protected":false},"featured_media":11454,"template":"","meta":[],"product_cat":[1432,1460,1459],"product_tag":[],"acf":[],"_links":{"self":[{"href":"https:\/\/velkoobchod.orijintea.com\/en\/wp-json\/wp\/v2\/product\/11601"}],"collection":[{"href":"https:\/\/velkoobchod.orijintea.com\/en\/wp-json\/wp\/v2\/product"}],"about":[{"href":"https:\/\/velkoobchod.orijintea.com\/en\/wp-json\/wp\/v2\/types\/product"}],"wp:featuredmedia":[{"embeddable":true,"href":"https:\/\/velkoobchod.orijintea.com\/en\/wp-json\/wp\/v2\/media\/11454"}],"wp:attachment":[{"href":"https:\/\/velkoobchod.orijintea.com\/en\/wp-json\/wp\/v2\/media?parent=11601"}],"wp:term":[{"taxonomy":"product_cat","embeddable":true,"href":"https:\/\/velkoobchod.orijintea.com\/en\/wp-json\/wp\/v2\/product_cat?post=11601"},{"taxonomy":"product_tag","embeddable":true,"href":"https:\/\/velkoobchod.orijintea.com\/en\/wp-json\/wp\/v2\/product_tag?post=11601"}],"curies":[{"name":"wp","href":"https:\/\/api.w.org\/{rel}","templated":true}]}}