{"id":11604,"date":"2023-08-21T16:18:40","date_gmt":"2023-08-21T14:18:40","guid":{"rendered":"https:\/\/velkoobchod.orijintea.com\/produkt\/more-bambus-kamen-znaky\/"},"modified":"2025-10-20T11:41:21","modified_gmt":"2025-10-20T09:41:21","slug":"more-bambus-kamen-znaky","status":"publish","type":"product","link":"https:\/\/velkoobchod.orijintea.com\/en\/produkt\/more-bambus-kamen-znaky\/","title":{"rendered":"Mo\u0159e bambus-k\u00e1men znaky"},"content":{"rendered":"","protected":false},"excerpt":{"rendered":"<p>Elegantn\u00ed \u010dajov\u00e9 mo\u0159e s kamennou deskou na bambusov\u00e9m r\u00e1mu. Hadi\u010dka s pumpov\u00e1n\u00edm pro odtok je sou\u010d\u00e1st\u00ed balen\u00ed.<\/p>\n","protected":false},"featured_media":11484,"template":"","meta":[],"product_cat":[1435,1433,1432,1437],"product_tag":[],"acf":[],"_links":{"self":[{"href":"https:\/\/velkoobchod.orijintea.com\/en\/wp-json\/wp\/v2\/product\/11604"}],"collection":[{"href":"https:\/\/velkoobchod.orijintea.com\/en\/wp-json\/wp\/v2\/product"}],"about":[{"href":"https:\/\/velkoobchod.orijintea.com\/en\/wp-json\/wp\/v2\/types\/product"}],"wp:featuredmedia":[{"embeddable":true,"href":"https:\/\/velkoobchod.orijintea.com\/en\/wp-json\/wp\/v2\/media\/11484"}],"wp:attachment":[{"href":"https:\/\/velkoobchod.orijintea.com\/en\/wp-json\/wp\/v2\/media?parent=11604"}],"wp:term":[{"taxonomy":"product_cat","embeddable":true,"href":"https:\/\/velkoobchod.orijintea.com\/en\/wp-json\/wp\/v2\/product_cat?post=11604"},{"taxonomy":"product_tag","embeddable":true,"href":"https:\/\/velkoobchod.orijintea.com\/en\/wp-json\/wp\/v2\/product_tag?post=11604"}],"curies":[{"name":"wp","href":"https:\/\/api.w.org\/{rel}","templated":true}]}}