{"id":11605,"date":"2023-08-21T16:18:45","date_gmt":"2023-08-21T14:18:45","guid":{"rendered":"https:\/\/velkoobchod.orijintea.com\/produkt\/salek-bily-puleny\/"},"modified":"2026-01-20T11:41:17","modified_gmt":"2026-01-20T10:41:17","slug":"salek-bily-puleny","status":"publish","type":"product","link":"https:\/\/velkoobchod.orijintea.com\/en\/produkt\/salek-bily-puleny\/","title":{"rendered":"\u0160\u00e1lek b\u00edl\u00fd p\u016flen\u00fd"},"content":{"rendered":"","protected":false},"excerpt":{"rendered":"<p>Mal\u00fd b\u00edl\u00fd porcel\u00e1nov\u00fd \u0161\u00e1lek.<\/p>\n","protected":false},"featured_media":11434,"template":"","meta":[],"product_cat":[1432,1454,1477],"product_tag":[],"acf":[],"_links":{"self":[{"href":"https:\/\/velkoobchod.orijintea.com\/en\/wp-json\/wp\/v2\/product\/11605"}],"collection":[{"href":"https:\/\/velkoobchod.orijintea.com\/en\/wp-json\/wp\/v2\/product"}],"about":[{"href":"https:\/\/velkoobchod.orijintea.com\/en\/wp-json\/wp\/v2\/types\/product"}],"wp:featuredmedia":[{"embeddable":true,"href":"https:\/\/velkoobchod.orijintea.com\/en\/wp-json\/wp\/v2\/media\/11434"}],"wp:attachment":[{"href":"https:\/\/velkoobchod.orijintea.com\/en\/wp-json\/wp\/v2\/media?parent=11605"}],"wp:term":[{"taxonomy":"product_cat","embeddable":true,"href":"https:\/\/velkoobchod.orijintea.com\/en\/wp-json\/wp\/v2\/product_cat?post=11605"},{"taxonomy":"product_tag","embeddable":true,"href":"https:\/\/velkoobchod.orijintea.com\/en\/wp-json\/wp\/v2\/product_tag?post=11605"}],"curies":[{"name":"wp","href":"https:\/\/api.w.org\/{rel}","templated":true}]}}