{"id":11606,"date":"2023-08-21T16:18:47","date_gmt":"2023-08-21T14:18:47","guid":{"rendered":"https:\/\/velkoobchod.orijintea.com\/produkt\/gongfu-souprava\/"},"modified":"2026-02-05T11:24:30","modified_gmt":"2026-02-05T10:24:30","slug":"gongfu-souprava","status":"publish","type":"product","link":"https:\/\/velkoobchod.orijintea.com\/en\/produkt\/gongfu-souprava\/","title":{"rendered":"Gongfu souprava"},"content":{"rendered":"<p><strong>Sada obsahuje<\/strong>:<\/p>\n<ul>\n<li>lopatka \/ n\u00e1sypka<\/li>\n<li>pinzeta<\/li>\n<li>\u010disti\u010d s\u00edtka<\/li>\n<li>l\u017ei\u010dka \/ vyndava\u010d l\u00edstk\u016f<\/li>\n<li>\u010dajov\u00e9 prost\u00edr\u00e1n\u00ed \/ ut\u011brka<\/li>\n<\/ul>\n","protected":false},"excerpt":{"rendered":"<p>Praktick\u00e1 souprava \u010dajov\u00e9ho n\u00e1\u010din\u00ed pro \u010dajov\u00fd ob\u0159ad gongfu.<\/p>\n","protected":false},"featured_media":11462,"template":"","meta":[],"product_cat":[1432,1460,1459],"product_tag":[],"acf":[],"_links":{"self":[{"href":"https:\/\/velkoobchod.orijintea.com\/en\/wp-json\/wp\/v2\/product\/11606"}],"collection":[{"href":"https:\/\/velkoobchod.orijintea.com\/en\/wp-json\/wp\/v2\/product"}],"about":[{"href":"https:\/\/velkoobchod.orijintea.com\/en\/wp-json\/wp\/v2\/types\/product"}],"wp:featuredmedia":[{"embeddable":true,"href":"https:\/\/velkoobchod.orijintea.com\/en\/wp-json\/wp\/v2\/media\/11462"}],"wp:attachment":[{"href":"https:\/\/velkoobchod.orijintea.com\/en\/wp-json\/wp\/v2\/media?parent=11606"}],"wp:term":[{"taxonomy":"product_cat","embeddable":true,"href":"https:\/\/velkoobchod.orijintea.com\/en\/wp-json\/wp\/v2\/product_cat?post=11606"},{"taxonomy":"product_tag","embeddable":true,"href":"https:\/\/velkoobchod.orijintea.com\/en\/wp-json\/wp\/v2\/product_tag?post=11606"}],"curies":[{"name":"wp","href":"https:\/\/api.w.org\/{rel}","templated":true}]}}