{"id":11608,"date":"2023-08-21T16:18:52","date_gmt":"2023-08-21T14:18:52","guid":{"rendered":"https:\/\/velkoobchod.orijintea.com\/produkt\/velke-more-cha\/"},"modified":"2025-10-30T14:03:34","modified_gmt":"2025-10-30T13:03:34","slug":"velke-more-cha","status":"publish","type":"product","link":"https:\/\/velkoobchod.orijintea.com\/en\/produkt\/velke-more-cha\/","title":{"rendered":"Velk\u00e9 mo\u0159e Cha"},"content":{"rendered":"","protected":false},"excerpt":{"rendered":"<p>Velk\u00e9 sv\u011btl\u00e9 zdoben\u00e9 \u010dajov\u00e9 mo\u0159e se znakem \u010daje.<\/p>\n","protected":false},"featured_media":11496,"template":"","meta":[],"product_cat":[1435,1433,1432,1437,1438],"product_tag":[],"acf":[],"_links":{"self":[{"href":"https:\/\/velkoobchod.orijintea.com\/en\/wp-json\/wp\/v2\/product\/11608"}],"collection":[{"href":"https:\/\/velkoobchod.orijintea.com\/en\/wp-json\/wp\/v2\/product"}],"about":[{"href":"https:\/\/velkoobchod.orijintea.com\/en\/wp-json\/wp\/v2\/types\/product"}],"wp:featuredmedia":[{"embeddable":true,"href":"https:\/\/velkoobchod.orijintea.com\/en\/wp-json\/wp\/v2\/media\/11496"}],"wp:attachment":[{"href":"https:\/\/velkoobchod.orijintea.com\/en\/wp-json\/wp\/v2\/media?parent=11608"}],"wp:term":[{"taxonomy":"product_cat","embeddable":true,"href":"https:\/\/velkoobchod.orijintea.com\/en\/wp-json\/wp\/v2\/product_cat?post=11608"},{"taxonomy":"product_tag","embeddable":true,"href":"https:\/\/velkoobchod.orijintea.com\/en\/wp-json\/wp\/v2\/product_tag?post=11608"}],"curies":[{"name":"wp","href":"https:\/\/api.w.org\/{rel}","templated":true}]}}