{"id":11615,"date":"2023-08-21T16:19:07","date_gmt":"2023-08-21T14:19:07","guid":{"rendered":"https:\/\/velkoobchod.orijintea.com\/produkt\/more-ctvercove\/"},"modified":"2026-03-02T13:13:07","modified_gmt":"2026-03-02T12:13:07","slug":"more-ctvercove","status":"publish","type":"product","link":"https:\/\/velkoobchod.orijintea.com\/en\/produkt\/more-ctvercove\/","title":{"rendered":"Mo\u0159e \u010dtvercov\u00e9"},"content":{"rendered":"<p><em>\u010cajov\u00e9 mo\u0159e nen\u00ed ur\u010deno k dlouhodob\u00e9 \u00faschov\u011b vody; po pou\u017eit\u00ed je zachycenou vodu nutn\u00e9 co nejd\u0159\u00edve vyl\u00edt a mo\u0159e nechat vyschnout. Bambus je p\u0159\u00edrodn\u00ed materi\u00e1l kter\u00fd st\u00e1le pracuje a v prost\u0159ed\u00ed s jinou vzdu\u0161nou vlhkost\u00ed m\u016f\u017ee \u010dasem praskat.<\/em><\/p>\n","protected":false},"excerpt":{"rendered":"<p>Modern\u00ed tmav\u00e9 \u010dtvercov\u00e9 bambusov\u00e9 mo\u0159e.<\/p>\n","protected":false},"featured_media":11510,"template":"","meta":[],"product_cat":[1435,1433,1432,1438],"product_tag":[],"acf":[],"_links":{"self":[{"href":"https:\/\/velkoobchod.orijintea.com\/en\/wp-json\/wp\/v2\/product\/11615"}],"collection":[{"href":"https:\/\/velkoobchod.orijintea.com\/en\/wp-json\/wp\/v2\/product"}],"about":[{"href":"https:\/\/velkoobchod.orijintea.com\/en\/wp-json\/wp\/v2\/types\/product"}],"wp:featuredmedia":[{"embeddable":true,"href":"https:\/\/velkoobchod.orijintea.com\/en\/wp-json\/wp\/v2\/media\/11510"}],"wp:attachment":[{"href":"https:\/\/velkoobchod.orijintea.com\/en\/wp-json\/wp\/v2\/media?parent=11615"}],"wp:term":[{"taxonomy":"product_cat","embeddable":true,"href":"https:\/\/velkoobchod.orijintea.com\/en\/wp-json\/wp\/v2\/product_cat?post=11615"},{"taxonomy":"product_tag","embeddable":true,"href":"https:\/\/velkoobchod.orijintea.com\/en\/wp-json\/wp\/v2\/product_tag?post=11615"}],"curies":[{"name":"wp","href":"https:\/\/api.w.org\/{rel}","templated":true}]}}