{"id":11621,"date":"2023-08-21T16:19:19","date_gmt":"2023-08-21T14:19:19","guid":{"rendered":"https:\/\/velkoobchod.orijintea.com\/produkt\/bila-miska-kulata\/"},"modified":"2026-03-23T10:27:38","modified_gmt":"2026-03-23T09:27:38","slug":"bila-miska-kulata","status":"publish","type":"product","link":"https:\/\/velkoobchod.orijintea.com\/en\/produkt\/bila-miska-kulata\/","title":{"rendered":"B\u00edl\u00e1 miska kulat\u00e1"},"content":{"rendered":"","protected":false},"excerpt":{"rendered":"<p>V\u011bt\u0161\u00ed \u010dist\u011b b\u00edl\u00e1 miska z kvalitn\u00edho porcel\u00e1nu z Jing De Zhen.<\/p>\n","protected":false},"featured_media":11438,"template":"","meta":[],"product_cat":[1432,1454,1477],"product_tag":[],"acf":[],"_links":{"self":[{"href":"https:\/\/velkoobchod.orijintea.com\/en\/wp-json\/wp\/v2\/product\/11621"}],"collection":[{"href":"https:\/\/velkoobchod.orijintea.com\/en\/wp-json\/wp\/v2\/product"}],"about":[{"href":"https:\/\/velkoobchod.orijintea.com\/en\/wp-json\/wp\/v2\/types\/product"}],"wp:featuredmedia":[{"embeddable":true,"href":"https:\/\/velkoobchod.orijintea.com\/en\/wp-json\/wp\/v2\/media\/11438"}],"wp:attachment":[{"href":"https:\/\/velkoobchod.orijintea.com\/en\/wp-json\/wp\/v2\/media?parent=11621"}],"wp:term":[{"taxonomy":"product_cat","embeddable":true,"href":"https:\/\/velkoobchod.orijintea.com\/en\/wp-json\/wp\/v2\/product_cat?post=11621"},{"taxonomy":"product_tag","embeddable":true,"href":"https:\/\/velkoobchod.orijintea.com\/en\/wp-json\/wp\/v2\/product_tag?post=11621"}],"curies":[{"name":"wp","href":"https:\/\/api.w.org\/{rel}","templated":true}]}}