{"id":11622,"date":"2023-08-21T16:19:21","date_gmt":"2023-08-21T14:19:21","guid":{"rendered":"https:\/\/velkoobchod.orijintea.com\/produkt\/doza-zeleny-zhong\/"},"modified":"2025-09-03T10:53:45","modified_gmt":"2025-09-03T08:53:45","slug":"doza-zeleny-zhong","status":"publish","type":"product","link":"https:\/\/velkoobchod.orijintea.com\/en\/produkt\/doza-zeleny-zhong\/","title":{"rendered":"D\u00f3za zelen\u00fd zhong"},"content":{"rendered":"","protected":false},"excerpt":{"rendered":"<p>Plechov\u00e1 d\u00f3za na \u010daj. Sou\u010d\u00e1st\u00ed balen\u00ed je vnit\u0159n\u00ed s\u00e1\u010dek.<\/p>\n","protected":false},"featured_media":11716,"template":"","meta":[],"product_cat":[1446,1432,1459],"product_tag":[],"acf":[],"_links":{"self":[{"href":"https:\/\/velkoobchod.orijintea.com\/en\/wp-json\/wp\/v2\/product\/11622"}],"collection":[{"href":"https:\/\/velkoobchod.orijintea.com\/en\/wp-json\/wp\/v2\/product"}],"about":[{"href":"https:\/\/velkoobchod.orijintea.com\/en\/wp-json\/wp\/v2\/types\/product"}],"wp:featuredmedia":[{"embeddable":true,"href":"https:\/\/velkoobchod.orijintea.com\/en\/wp-json\/wp\/v2\/media\/11716"}],"wp:attachment":[{"href":"https:\/\/velkoobchod.orijintea.com\/en\/wp-json\/wp\/v2\/media?parent=11622"}],"wp:term":[{"taxonomy":"product_cat","embeddable":true,"href":"https:\/\/velkoobchod.orijintea.com\/en\/wp-json\/wp\/v2\/product_cat?post=11622"},{"taxonomy":"product_tag","embeddable":true,"href":"https:\/\/velkoobchod.orijintea.com\/en\/wp-json\/wp\/v2\/product_tag?post=11622"}],"curies":[{"name":"wp","href":"https:\/\/api.w.org\/{rel}","templated":true}]}}