{"id":11625,"date":"2023-08-21T16:19:26","date_gmt":"2023-08-21T14:19:26","guid":{"rendered":"https:\/\/velkoobchod.orijintea.com\/produkt\/doza-palac\/"},"modified":"2026-01-19T12:53:43","modified_gmt":"2026-01-19T11:53:43","slug":"doza-palac","status":"publish","type":"product","link":"https:\/\/velkoobchod.orijintea.com\/en\/produkt\/doza-palac\/","title":{"rendered":"D\u00f3za pal\u00e1c"},"content":{"rendered":"","protected":false},"excerpt":{"rendered":"<p>Plechov\u00e1 d\u00f3za na \u010daj. Sou\u010d\u00e1st\u00ed balen\u00ed je vnit\u0159n\u00ed s\u00e1\u010dek.<\/p>\n","protected":false},"featured_media":11722,"template":"","meta":[],"product_cat":[1446,1432,1459],"product_tag":[],"acf":[],"_links":{"self":[{"href":"https:\/\/velkoobchod.orijintea.com\/en\/wp-json\/wp\/v2\/product\/11625"}],"collection":[{"href":"https:\/\/velkoobchod.orijintea.com\/en\/wp-json\/wp\/v2\/product"}],"about":[{"href":"https:\/\/velkoobchod.orijintea.com\/en\/wp-json\/wp\/v2\/types\/product"}],"wp:featuredmedia":[{"embeddable":true,"href":"https:\/\/velkoobchod.orijintea.com\/en\/wp-json\/wp\/v2\/media\/11722"}],"wp:attachment":[{"href":"https:\/\/velkoobchod.orijintea.com\/en\/wp-json\/wp\/v2\/media?parent=11625"}],"wp:term":[{"taxonomy":"product_cat","embeddable":true,"href":"https:\/\/velkoobchod.orijintea.com\/en\/wp-json\/wp\/v2\/product_cat?post=11625"},{"taxonomy":"product_tag","embeddable":true,"href":"https:\/\/velkoobchod.orijintea.com\/en\/wp-json\/wp\/v2\/product_tag?post=11625"}],"curies":[{"name":"wp","href":"https:\/\/api.w.org\/{rel}","templated":true}]}}