{"id":11628,"date":"2023-08-21T16:19:35","date_gmt":"2023-08-21T14:19:35","guid":{"rendered":"https:\/\/velkoobchod.orijintea.com\/produkt\/doza-hory\/"},"modified":"2025-10-29T12:21:15","modified_gmt":"2025-10-29T11:21:15","slug":"doza-hory","status":"publish","type":"product","link":"https:\/\/velkoobchod.orijintea.com\/en\/produkt\/doza-hory\/","title":{"rendered":"D\u00f3za hory"},"content":{"rendered":"<h4><em>Doprodej bez z\u00e1ruky &#8211; drobn\u011b po\u0161kozen\u00e9 kusy.<\/em><\/h4>\n","protected":false},"excerpt":{"rendered":"<p>Plechov\u00e1 d\u00f3za na \u010daj. Motiv \u010dajov\u00e9 hory. D\u00f3zy byly p\u0159epravov\u00e1ny bez obalu, proto maj\u00ed v\u0161echny drobn\u00e9 od\u011brky (viditeln\u00e9 na fotce p\u0159i p\u0159ibl\u00ed\u017een\u00ed).<\/p>\n","protected":false},"featured_media":11728,"template":"","meta":[],"product_cat":[1446,1432,1459],"product_tag":[],"acf":[],"_links":{"self":[{"href":"https:\/\/velkoobchod.orijintea.com\/en\/wp-json\/wp\/v2\/product\/11628"}],"collection":[{"href":"https:\/\/velkoobchod.orijintea.com\/en\/wp-json\/wp\/v2\/product"}],"about":[{"href":"https:\/\/velkoobchod.orijintea.com\/en\/wp-json\/wp\/v2\/types\/product"}],"wp:featuredmedia":[{"embeddable":true,"href":"https:\/\/velkoobchod.orijintea.com\/en\/wp-json\/wp\/v2\/media\/11728"}],"wp:attachment":[{"href":"https:\/\/velkoobchod.orijintea.com\/en\/wp-json\/wp\/v2\/media?parent=11628"}],"wp:term":[{"taxonomy":"product_cat","embeddable":true,"href":"https:\/\/velkoobchod.orijintea.com\/en\/wp-json\/wp\/v2\/product_cat?post=11628"},{"taxonomy":"product_tag","embeddable":true,"href":"https:\/\/velkoobchod.orijintea.com\/en\/wp-json\/wp\/v2\/product_tag?post=11628"}],"curies":[{"name":"wp","href":"https:\/\/api.w.org\/{rel}","templated":true}]}}