{"id":11636,"date":"2023-08-17T00:00:00","date_gmt":"2023-08-16T22:00:00","guid":{"rendered":"https:\/\/velkoobchod.orijintea.com\/produkt\/doza-yixing-daruma-500g\/"},"modified":"2025-07-16T15:18:50","modified_gmt":"2025-07-16T13:18:50","slug":"doza-yixing-daruma-500g","status":"publish","type":"product","link":"https:\/\/velkoobchod.orijintea.com\/en\/produkt\/doza-yixing-daruma-500g\/","title":{"rendered":"D\u00f3za yixing Daruma 500g"},"content":{"rendered":"","protected":false},"excerpt":{"rendered":"<p>Kvalitn\u00ed yixingsk\u00e1 d\u00f3za ru\u010dn\u00ed v\u00fdroby. Objem na cca 500g m\u00e9n\u011b objemn\u00e9ho \u010daje.<\/p>\n","protected":false},"featured_media":11538,"template":"","meta":[],"product_cat":[1446,1432,1459],"product_tag":[],"acf":[],"_links":{"self":[{"href":"https:\/\/velkoobchod.orijintea.com\/en\/wp-json\/wp\/v2\/product\/11636"}],"collection":[{"href":"https:\/\/velkoobchod.orijintea.com\/en\/wp-json\/wp\/v2\/product"}],"about":[{"href":"https:\/\/velkoobchod.orijintea.com\/en\/wp-json\/wp\/v2\/types\/product"}],"wp:featuredmedia":[{"embeddable":true,"href":"https:\/\/velkoobchod.orijintea.com\/en\/wp-json\/wp\/v2\/media\/11538"}],"wp:attachment":[{"href":"https:\/\/velkoobchod.orijintea.com\/en\/wp-json\/wp\/v2\/media?parent=11636"}],"wp:term":[{"taxonomy":"product_cat","embeddable":true,"href":"https:\/\/velkoobchod.orijintea.com\/en\/wp-json\/wp\/v2\/product_cat?post=11636"},{"taxonomy":"product_tag","embeddable":true,"href":"https:\/\/velkoobchod.orijintea.com\/en\/wp-json\/wp\/v2\/product_tag?post=11636"}],"curies":[{"name":"wp","href":"https:\/\/api.w.org\/{rel}","templated":true}]}}