{"id":12036,"date":"2023-08-31T11:48:47","date_gmt":"2023-08-31T09:48:47","guid":{"rendered":"https:\/\/velkoobchod.orijintea.com\/?post_type=product&#038;p=12036"},"modified":"2025-12-11T12:30:47","modified_gmt":"2025-12-11T11:30:47","slug":"miska-modry-pruh","status":"publish","type":"product","link":"https:\/\/velkoobchod.orijintea.com\/en\/produkt\/miska-modry-pruh\/","title":{"rendered":"Miska modr\u00fd pruh"},"content":{"rendered":"","protected":false},"excerpt":{"rendered":"<p>Jemn\u011b zelinkav\u011b b\u00edl\u00e1 miska s modr\u00fdmi pruhy z kvalitn\u00edho porcel\u00e1nu z Jing De Zhen.<\/p>\n<p>N\u011bkter\u00e9 kusy jsou zdoben\u00e9 malou modrou kaligrafi\u00ed dvou znak\u016f.<\/p>\n","protected":false},"featured_media":6985,"template":"","meta":[],"product_cat":[1432,1454,1477],"product_tag":[],"acf":[],"_links":{"self":[{"href":"https:\/\/velkoobchod.orijintea.com\/en\/wp-json\/wp\/v2\/product\/12036"}],"collection":[{"href":"https:\/\/velkoobchod.orijintea.com\/en\/wp-json\/wp\/v2\/product"}],"about":[{"href":"https:\/\/velkoobchod.orijintea.com\/en\/wp-json\/wp\/v2\/types\/product"}],"wp:featuredmedia":[{"embeddable":true,"href":"https:\/\/velkoobchod.orijintea.com\/en\/wp-json\/wp\/v2\/media\/6985"}],"wp:attachment":[{"href":"https:\/\/velkoobchod.orijintea.com\/en\/wp-json\/wp\/v2\/media?parent=12036"}],"wp:term":[{"taxonomy":"product_cat","embeddable":true,"href":"https:\/\/velkoobchod.orijintea.com\/en\/wp-json\/wp\/v2\/product_cat?post=12036"},{"taxonomy":"product_tag","embeddable":true,"href":"https:\/\/velkoobchod.orijintea.com\/en\/wp-json\/wp\/v2\/product_tag?post=12036"}],"curies":[{"name":"wp","href":"https:\/\/api.w.org\/{rel}","templated":true}]}}