{"id":12150,"date":"2023-08-04T13:28:14","date_gmt":"2023-08-04T11:28:14","guid":{"rendered":"https:\/\/velkoobchod.orijintea.com\/?post_type=product&#038;p=12150"},"modified":"2026-03-30T10:20:16","modified_gmt":"2026-03-30T08:20:16","slug":"nasypka-list","status":"publish","type":"product","link":"https:\/\/velkoobchod.orijintea.com\/en\/produkt\/nasypka-list\/","title":{"rendered":"N\u00e1sypka list"},"content":{"rendered":"<p><u><a href=\"http:\/\/babelcarp.org\/babelcarp\/babelcarp.cgi?phrase=chahe\" target=\"_blank\" rel=\"noopener\" data-cke-saved-href=\"http:\/\/babelcarp.org\/babelcarp\/babelcarp.cgi?phrase=chahe\" data-cke-saved->Cha He\u00a0\u8336\u76d2<\/a><\/u>: n\u00e1sypka na \u010daj a\/nebo \u010dajov\u00fd lotus, nepravideln\u011b tvarovan\u00e1 n\u00e1dobka bez v\u00ed\u010dka pro sypan\u00fd \u010daj p\u0159ed jeho p\u0159\u00edpravou.<\/p>\n","protected":false},"excerpt":{"rendered":"<p>Porcel\u00e1nov\u00e1 n\u00e1sypka na \u010daj ve tvaru listu. Pou\u017e\u00edv\u00e1 se pro ocen\u011bn\u00ed such\u00fdch \u010dajov\u00fdch l\u00edstk\u016f p\u0159i p\u0159\u00edprav\u011b stylem Gong Fu Cha<\/p>\n","protected":false},"featured_media":7870,"template":"","meta":[],"product_cat":[1432,1460,1459],"product_tag":[],"acf":[],"_links":{"self":[{"href":"https:\/\/velkoobchod.orijintea.com\/en\/wp-json\/wp\/v2\/product\/12150"}],"collection":[{"href":"https:\/\/velkoobchod.orijintea.com\/en\/wp-json\/wp\/v2\/product"}],"about":[{"href":"https:\/\/velkoobchod.orijintea.com\/en\/wp-json\/wp\/v2\/types\/product"}],"wp:featuredmedia":[{"embeddable":true,"href":"https:\/\/velkoobchod.orijintea.com\/en\/wp-json\/wp\/v2\/media\/7870"}],"wp:attachment":[{"href":"https:\/\/velkoobchod.orijintea.com\/en\/wp-json\/wp\/v2\/media?parent=12150"}],"wp:term":[{"taxonomy":"product_cat","embeddable":true,"href":"https:\/\/velkoobchod.orijintea.com\/en\/wp-json\/wp\/v2\/product_cat?post=12150"},{"taxonomy":"product_tag","embeddable":true,"href":"https:\/\/velkoobchod.orijintea.com\/en\/wp-json\/wp\/v2\/product_tag?post=12150"}],"curies":[{"name":"wp","href":"https:\/\/api.w.org\/{rel}","templated":true}]}}