{"id":12152,"date":"2023-09-07T00:00:00","date_gmt":"2023-09-06T22:00:00","guid":{"rendered":"https:\/\/velkoobchod.orijintea.com\/?post_type=product&#038;p=12152"},"modified":"2026-02-23T14:30:22","modified_gmt":"2026-02-23T13:30:22","slug":"salek-bily-2","status":"publish","type":"product","link":"https:\/\/velkoobchod.orijintea.com\/en\/produkt\/salek-bily-2\/","title":{"rendered":"\u0160\u00e1lek b\u00edl\u00fd"},"content":{"rendered":"","protected":false},"excerpt":{"rendered":"<p>Klasick\u00fd b\u00edl\u00fd \u0161\u00e1lek z kvalitn\u00edho porcel\u00e1nu z Jing De Zhen. Objem cca 40-50ml.<\/p>\n","protected":false},"featured_media":12155,"template":"","meta":[],"product_cat":[1432,1454,1477],"product_tag":[],"acf":[],"_links":{"self":[{"href":"https:\/\/velkoobchod.orijintea.com\/en\/wp-json\/wp\/v2\/product\/12152"}],"collection":[{"href":"https:\/\/velkoobchod.orijintea.com\/en\/wp-json\/wp\/v2\/product"}],"about":[{"href":"https:\/\/velkoobchod.orijintea.com\/en\/wp-json\/wp\/v2\/types\/product"}],"wp:featuredmedia":[{"embeddable":true,"href":"https:\/\/velkoobchod.orijintea.com\/en\/wp-json\/wp\/v2\/media\/12155"}],"wp:attachment":[{"href":"https:\/\/velkoobchod.orijintea.com\/en\/wp-json\/wp\/v2\/media?parent=12152"}],"wp:term":[{"taxonomy":"product_cat","embeddable":true,"href":"https:\/\/velkoobchod.orijintea.com\/en\/wp-json\/wp\/v2\/product_cat?post=12152"},{"taxonomy":"product_tag","embeddable":true,"href":"https:\/\/velkoobchod.orijintea.com\/en\/wp-json\/wp\/v2\/product_tag?post=12152"}],"curies":[{"name":"wp","href":"https:\/\/api.w.org\/{rel}","templated":true}]}}