{"id":12272,"date":"2023-11-16T11:02:25","date_gmt":"2023-11-16T10:02:25","guid":{"rendered":"https:\/\/velkoobchod.orijintea.com\/?post_type=product&#038;p=12272"},"modified":"2026-01-19T12:53:59","modified_gmt":"2026-01-19T11:53:59","slug":"doza-jelen-cervena","status":"publish","type":"product","link":"https:\/\/velkoobchod.orijintea.com\/en\/produkt\/doza-jelen-cervena\/","title":{"rendered":"D\u00f3za jelen \u010derven\u00e1"},"content":{"rendered":"","protected":false},"excerpt":{"rendered":"<p>Plechov\u00e1 d\u00f3za na \u010daj. Sou\u010d\u00e1st\u00ed balen\u00ed je vnit\u0159n\u00ed s\u00e1\u010dek.<\/p>\n","protected":false},"featured_media":12260,"template":"","meta":[],"product_cat":[1446,1432,1459],"product_tag":[],"acf":[],"_links":{"self":[{"href":"https:\/\/velkoobchod.orijintea.com\/en\/wp-json\/wp\/v2\/product\/12272"}],"collection":[{"href":"https:\/\/velkoobchod.orijintea.com\/en\/wp-json\/wp\/v2\/product"}],"about":[{"href":"https:\/\/velkoobchod.orijintea.com\/en\/wp-json\/wp\/v2\/types\/product"}],"wp:featuredmedia":[{"embeddable":true,"href":"https:\/\/velkoobchod.orijintea.com\/en\/wp-json\/wp\/v2\/media\/12260"}],"wp:attachment":[{"href":"https:\/\/velkoobchod.orijintea.com\/en\/wp-json\/wp\/v2\/media?parent=12272"}],"wp:term":[{"taxonomy":"product_cat","embeddable":true,"href":"https:\/\/velkoobchod.orijintea.com\/en\/wp-json\/wp\/v2\/product_cat?post=12272"},{"taxonomy":"product_tag","embeddable":true,"href":"https:\/\/velkoobchod.orijintea.com\/en\/wp-json\/wp\/v2\/product_tag?post=12272"}],"curies":[{"name":"wp","href":"https:\/\/api.w.org\/{rel}","templated":true}]}}