{"id":12284,"date":"2023-11-20T15:00:38","date_gmt":"2023-11-20T14:00:38","guid":{"rendered":"https:\/\/velkoobchod.orijintea.com\/?post_type=product&#038;p=12284"},"modified":"2025-10-02T11:34:53","modified_gmt":"2025-10-02T09:34:53","slug":"bitanpiaoxue","status":"publish","type":"product","link":"https:\/\/velkoobchod.orijintea.com\/en\/produkt\/bitanpiaoxue\/","title":{"rendered":"Bi Tan Piao Xue"},"content":{"rendered":"<p>Jasm\u00ednov\u00e9 (zelen\u00e9) \u010daje se vyr\u00e1b\u011bj\u00ed v mnoha \u010d\u00ednsk\u00fdch provinci\u00edch a jsou pom\u011brn\u011b popul\u00e1rn\u00ed (obzvl\u00e1\u0161\u0165 na severu zem\u011b). \u010caje se mohou bu\u010f su\u0161it spolu s jasm\u00ednem a nas\u00e1vat jeho v\u016fni anebo se jasm\u00ednov\u00e9 kv\u011bty p\u0159id\u00e1vaj\u00ed p\u0159\u00edmo do \u010daje. T\u00edm \u010daje z\u00edsk\u00e1vaj\u00ed v\u016fni jasm\u00ednu, ale p\u0159esto zachov\u00e1vaj\u00ed svou origin\u00e1ln\u00ed chu\u0165.<\/p>\n","protected":false},"excerpt":{"rendered":"<p>\u201eSn\u00edh padaj\u00edc\u00ed na nefritov\u011b zelen\u00e9 jez\u00edrko\u201c \u2013 kr\u00e1sn\u011b poetick\u00fd n\u00e1zev skr\u00fdv\u00e1 jemn\u00fd zelen\u00fd \u010daj z jarn\u00ed sklizn\u011b z oblasti Ze Rong ve Fu-\u0165ienu. \u010caj byl ovon\u011bn nejlep\u0161\u00edm podzimn\u00edm jasm\u00ednem ve vysok\u00e9m pom\u011bru 5:1 (na 1kg \u010daje bylo postupn\u011b pou\u017eito 5kg jasm\u00ednov\u00fdch kv\u011bt\u016f).<\/p>\n<p>Jasm\u00ednov\u00e9 kv\u011bty jsou bohat\u011b zastoupeny i v samotn\u00e9m \u010daji (p\u0159esto\u017ee dal\u0161\u00ed aroma u\u017e nep\u0159id\u00e1vaj\u00ed \u2013 p\u016fsob\u00ed esteticky a d\u00e1vaj\u00ed smysl poetick\u00e9mu jm\u00e9nu \u010daje).<\/p>\n<p>\u010caj je v\u00fdrazn\u011b jasm\u00ednov\u011b-nasl\u00e1dl\u00e9 hebce ovocn\u00e9 chuti s bohat\u00fdm aroma, kter\u00e9 p\u0159etrv\u00e1 mnoho zalit\u00ed.<\/p>\n","protected":false},"featured_media":12280,"template":"","meta":[],"product_cat":[142,1402,1417],"product_tag":[],"acf":[],"_links":{"self":[{"href":"https:\/\/velkoobchod.orijintea.com\/en\/wp-json\/wp\/v2\/product\/12284"}],"collection":[{"href":"https:\/\/velkoobchod.orijintea.com\/en\/wp-json\/wp\/v2\/product"}],"about":[{"href":"https:\/\/velkoobchod.orijintea.com\/en\/wp-json\/wp\/v2\/types\/product"}],"wp:featuredmedia":[{"embeddable":true,"href":"https:\/\/velkoobchod.orijintea.com\/en\/wp-json\/wp\/v2\/media\/12280"}],"wp:attachment":[{"href":"https:\/\/velkoobchod.orijintea.com\/en\/wp-json\/wp\/v2\/media?parent=12284"}],"wp:term":[{"taxonomy":"product_cat","embeddable":true,"href":"https:\/\/velkoobchod.orijintea.com\/en\/wp-json\/wp\/v2\/product_cat?post=12284"},{"taxonomy":"product_tag","embeddable":true,"href":"https:\/\/velkoobchod.orijintea.com\/en\/wp-json\/wp\/v2\/product_tag?post=12284"}],"curies":[{"name":"wp","href":"https:\/\/api.w.org\/{rel}","templated":true}]}}