{"id":12410,"date":"2026-02-23T00:00:00","date_gmt":"2026-02-22T23:00:00","guid":{"rendered":"https:\/\/velkoobchod.orijintea.com\/?post_type=product&#038;p=12410"},"modified":"2026-04-02T11:42:41","modified_gmt":"2026-04-02T09:42:41","slug":"yunnan-maojian","status":"publish","type":"product","link":"https:\/\/velkoobchod.orijintea.com\/en\/produkt\/yunnan-maojian\/","title":{"rendered":"Yunnan Mao Jian 2026"},"content":{"rendered":"<p>Term\u00edn Ming Qian Cha &#8211;<u>\u00a0<\/u><u><a href=\"http:\/\/babelcarp.org\/babelcarp\/babelcarp.cgi?phrase=ming+qian+cha\" target=\"_blank\" rel=\"noopener\" data-cke-saved-href=\"http:\/\/babelcarp.org\/babelcarp\/babelcarp.cgi?phrase=ming+qian+cha\" data-cke-saved->\u660e\u524d\u8336<\/a><\/u> se uv\u00e1d\u00ed u \u010daj\u016f z nejcenn\u011bj\u0161\u00edch brzk\u00fdch sklizn\u00ed roku kdy ra\u0161\u00ed prvn\u00ed l\u00edstky nejvy\u0161\u0161\u00ed kvality. Doslova zna\u010d\u00ed \u010daje sklizen\u00e9 p\u0159ed sv\u00e1tkem jara Qing Ming &#8211; \u6e05\u660e (za\u010d\u00e1tek dubna).<\/p>\n","protected":false},"excerpt":{"rendered":"<p>Sv\u011b\u017e\u00ed aromatick\u00fd zelen\u00fd \u010daj z v\u00fd\u0161e polo\u017een\u00fdch zahrad hory Wu Liang Shan (1670 m.n.m.). Tmavozelen\u00fd stejnom\u011brn\u00fd list se znateln\u00fdm pod\u00edlem st\u0159\u00edb\u0159it\u00fdch tips\u016f.<\/p>\n<p>List sv\u011b\u017e\u00ed v\u016fn\u011b se stopou ovoce, n\u00e1lev jisk\u0159iv\u00e9 \u017elutozelen\u00e9 barvy, \u010derstv\u00e9 siln\u011bj\u0161\u00ed chuti s ovocn\u00fdm n\u00e1dechem a typickou stopou v\u016fn\u011b ka\u0161tanov\u00fdch kv\u011bt\u016f.<\/p>\n<p>Aftertaste v dal\u0161\u00edch n\u00e1levech p\u0159\u00edjemn\u011b sl\u00e1dne a vynik\u00e1 ovocnou chut\u00ed.<\/p>\n","protected":false},"featured_media":15183,"template":"","meta":[],"product_cat":[142,1417,1426,1418],"product_tag":[1483,2093,1481],"acf":[],"_links":{"self":[{"href":"https:\/\/velkoobchod.orijintea.com\/en\/wp-json\/wp\/v2\/product\/12410"}],"collection":[{"href":"https:\/\/velkoobchod.orijintea.com\/en\/wp-json\/wp\/v2\/product"}],"about":[{"href":"https:\/\/velkoobchod.orijintea.com\/en\/wp-json\/wp\/v2\/types\/product"}],"wp:featuredmedia":[{"embeddable":true,"href":"https:\/\/velkoobchod.orijintea.com\/en\/wp-json\/wp\/v2\/media\/15183"}],"wp:attachment":[{"href":"https:\/\/velkoobchod.orijintea.com\/en\/wp-json\/wp\/v2\/media?parent=12410"}],"wp:term":[{"taxonomy":"product_cat","embeddable":true,"href":"https:\/\/velkoobchod.orijintea.com\/en\/wp-json\/wp\/v2\/product_cat?post=12410"},{"taxonomy":"product_tag","embeddable":true,"href":"https:\/\/velkoobchod.orijintea.com\/en\/wp-json\/wp\/v2\/product_tag?post=12410"}],"curies":[{"name":"wp","href":"https:\/\/api.w.org\/{rel}","templated":true}]}}