{"id":12568,"date":"2024-07-25T13:31:51","date_gmt":"2024-07-25T11:31:51","guid":{"rendered":"https:\/\/velkoobchod.orijintea.com\/?post_type=product&#038;p=12568"},"modified":"2026-03-17T12:02:41","modified_gmt":"2026-03-17T11:02:41","slug":"shou-mei-chen-pi-xiao-fang","status":"publish","type":"product","link":"https:\/\/velkoobchod.orijintea.com\/en\/produkt\/shou-mei-chen-pi-xiao-fang\/","title":{"rendered":"Shou Mei Chen Pi Xiao Fang"},"content":{"rendered":"<p><a href=\"https:\/\/babelcarp.org\/babelcarp\/babelcarp.cgi?phrase=Chen2+Pi2\" target=\"_blank\" rel=\"noopener\">Chen Pi \u9648\u76ae<\/a>: \u00a0su\u0161en\u00e1 k\u016fra mandarinky; \u010d\u00edm star\u0161\u00ed, t\u00edm lep\u0161\u00ed, vyv\u00e1\u017een\u011bj\u0161\u00ed a tak\u00e9 v\u00fdrazn\u011bj\u0161\u00ed \u00fa\u010dinky pro zdrav\u00ed. Velmi vhodn\u00e9 p\u0159i nachlazen\u00ed.<\/p>\n","protected":false},"excerpt":{"rendered":"<p>Shou Mei lisovan\u00fd spolu s mandarinkovou k\u016frou do mal\u00fdch 5g cihli\u010dek.<\/p>\n<p>Velk\u00e9 \u017elutozelen\u00e9 a\u017e sv\u011btlehn\u011bd\u00e9, bohat\u011b ochm\u00fd\u0159en\u00e9 listy, mezi nimi\u017e lze naj\u00edt i p\u00e1r siln\u00fdch tips\u016f.<\/p>\n<p>N\u00e1lev je syt\u011b oran\u017eov\u011b-\u017elutav\u00e9 barvy s typickou v\u016fn\u00ed a chut\u00ed b\u00edl\u00fdch \u010daj\u016f \u2013 lehce bylinn\u011b kv\u011btinovou a\u017e ovocnou se siln\u011bj\u0161\u00edm aftertastem.<\/p>\n<p>Nav\u00edc se k chuti i v\u016fni p\u0159id\u00e1v\u00e1 citrusov\u011b-sv\u011b\u017e\u00ed charakter mandarinky.<\/p>\n","protected":false},"featured_media":12564,"template":"","meta":[],"product_cat":[1390,142],"product_tag":[],"acf":[],"_links":{"self":[{"href":"https:\/\/velkoobchod.orijintea.com\/en\/wp-json\/wp\/v2\/product\/12568"}],"collection":[{"href":"https:\/\/velkoobchod.orijintea.com\/en\/wp-json\/wp\/v2\/product"}],"about":[{"href":"https:\/\/velkoobchod.orijintea.com\/en\/wp-json\/wp\/v2\/types\/product"}],"wp:featuredmedia":[{"embeddable":true,"href":"https:\/\/velkoobchod.orijintea.com\/en\/wp-json\/wp\/v2\/media\/12564"}],"wp:attachment":[{"href":"https:\/\/velkoobchod.orijintea.com\/en\/wp-json\/wp\/v2\/media?parent=12568"}],"wp:term":[{"taxonomy":"product_cat","embeddable":true,"href":"https:\/\/velkoobchod.orijintea.com\/en\/wp-json\/wp\/v2\/product_cat?post=12568"},{"taxonomy":"product_tag","embeddable":true,"href":"https:\/\/velkoobchod.orijintea.com\/en\/wp-json\/wp\/v2\/product_tag?post=12568"}],"curies":[{"name":"wp","href":"https:\/\/api.w.org\/{rel}","templated":true}]}}