{"id":12571,"date":"2024-07-25T14:37:07","date_gmt":"2024-07-25T12:37:07","guid":{"rendered":"https:\/\/velkoobchod.orijintea.com\/?post_type=product&#038;p=12571"},"modified":"2026-03-16T11:20:56","modified_gmt":"2026-03-16T10:20:56","slug":"shou-mei-2024-xiao-bing-100g","status":"publish","type":"product","link":"https:\/\/velkoobchod.orijintea.com\/en\/produkt\/shou-mei-2024-xiao-bing-100g\/","title":{"rendered":"Shou Mei 2024 Xiao Bing 100g"},"content":{"rendered":"","protected":false},"excerpt":{"rendered":"<p>Shou Mei neboli &#8216;Obo\u010d\u00ed dlouh\u00e9ho v\u011bku&#8217;, lisovan\u00fd do mal\u00e9ho kol\u00e1\u010dku.<\/p>\n<p>Such\u00fd kol\u00e1\u010dek m\u00e1 intenzivn\u00ed zelen\u011b-kv\u011btinovou v\u016fni a sest\u00e1v\u00e1 z v\u011bt\u0161\u00edch, bohat\u011b ochm\u00fd\u0159en\u00fdch l\u00edstk\u016f \u017elutozelen\u00e9 a\u017e sv\u011btlehn\u011bd\u00e9 barvy, mezi kter\u00fdmi lze nal\u00e9zt i siln\u00e9 st\u0159\u00edb\u0159it\u00e9 tipsy.<\/p>\n<p>N\u00e1lev je syt\u011b oran\u017eov\u011b-\u017elutav\u00e9 barvy s typickou v\u016fn\u00ed a chut\u00ed b\u00edl\u00fdch \u010daj\u016f \u2013 lehce bylinn\u011b kv\u011btinovou a\u017e ovocnou s v\u00fdrazn\u00fdm aftertastem.<\/p>\n","protected":false},"featured_media":12556,"template":"","meta":[],"product_cat":[1390,142],"product_tag":[2093],"acf":[],"_links":{"self":[{"href":"https:\/\/velkoobchod.orijintea.com\/en\/wp-json\/wp\/v2\/product\/12571"}],"collection":[{"href":"https:\/\/velkoobchod.orijintea.com\/en\/wp-json\/wp\/v2\/product"}],"about":[{"href":"https:\/\/velkoobchod.orijintea.com\/en\/wp-json\/wp\/v2\/types\/product"}],"wp:featuredmedia":[{"embeddable":true,"href":"https:\/\/velkoobchod.orijintea.com\/en\/wp-json\/wp\/v2\/media\/12556"}],"wp:attachment":[{"href":"https:\/\/velkoobchod.orijintea.com\/en\/wp-json\/wp\/v2\/media?parent=12571"}],"wp:term":[{"taxonomy":"product_cat","embeddable":true,"href":"https:\/\/velkoobchod.orijintea.com\/en\/wp-json\/wp\/v2\/product_cat?post=12571"},{"taxonomy":"product_tag","embeddable":true,"href":"https:\/\/velkoobchod.orijintea.com\/en\/wp-json\/wp\/v2\/product_tag?post=12571"}],"curies":[{"name":"wp","href":"https:\/\/api.w.org\/{rel}","templated":true}]}}