{"id":12660,"date":"2024-08-15T10:53:54","date_gmt":"2024-08-15T08:53:54","guid":{"rendered":"https:\/\/velkoobchod.orijintea.com\/?post_type=product&#038;p=12660"},"modified":"2026-03-11T10:20:24","modified_gmt":"2026-03-11T09:20:24","slug":"orijin-2023-simao-tuocha","status":"publish","type":"product","link":"https:\/\/velkoobchod.orijintea.com\/en\/produkt\/orijin-2023-simao-tuocha\/","title":{"rendered":"Orijin 2023 Simao Tuocha 100g"},"content":{"rendered":"<p>Nov\u00e1 tuocha, tentokr\u00e1t ze Simao, produkovan\u00e1 pod zna\u010dkou Orijin Tea. Drak na obalu odr\u00e1\u017e\u00ed <em>rok d\u0159ev\u011bn\u00e9ho draka (2024)<\/em>, kdy byla hn\u00edzda lisov\u00e1na a balena.<\/p>\n","protected":false},"excerpt":{"rendered":"<p>Nov\u00e9 hn\u00edzdo tmav\u00e9ho pu-eru (shu) na\u0161\u00ed produkce pod zna\u010dkou Orijin.<\/p>\n<p>Vyv\u00e1\u017een\u00e9 p\u0159\u00edjemn\u011b nasl\u00e1dl\u00e9, hladk\u00e9 chuti s charakterem sko\u0159\u00e1pkov\u00fdch plod\u016f a d\u0159evin.<\/p>\n<p>V\u00fdborn\u00fd k okam\u017eit\u00e9mu pop\u00edjen\u00ed i dlouhodob\u00e9 archivaci.<\/p>\n","protected":false},"featured_media":12656,"template":"","meta":[],"product_cat":[142,1412,1411,1417,1415],"product_tag":[],"acf":[],"_links":{"self":[{"href":"https:\/\/velkoobchod.orijintea.com\/en\/wp-json\/wp\/v2\/product\/12660"}],"collection":[{"href":"https:\/\/velkoobchod.orijintea.com\/en\/wp-json\/wp\/v2\/product"}],"about":[{"href":"https:\/\/velkoobchod.orijintea.com\/en\/wp-json\/wp\/v2\/types\/product"}],"wp:featuredmedia":[{"embeddable":true,"href":"https:\/\/velkoobchod.orijintea.com\/en\/wp-json\/wp\/v2\/media\/12656"}],"wp:attachment":[{"href":"https:\/\/velkoobchod.orijintea.com\/en\/wp-json\/wp\/v2\/media?parent=12660"}],"wp:term":[{"taxonomy":"product_cat","embeddable":true,"href":"https:\/\/velkoobchod.orijintea.com\/en\/wp-json\/wp\/v2\/product_cat?post=12660"},{"taxonomy":"product_tag","embeddable":true,"href":"https:\/\/velkoobchod.orijintea.com\/en\/wp-json\/wp\/v2\/product_tag?post=12660"}],"curies":[{"name":"wp","href":"https:\/\/api.w.org\/{rel}","templated":true}]}}