{"id":12668,"date":"2024-08-15T11:08:29","date_gmt":"2024-08-15T09:08:29","guid":{"rendered":"https:\/\/velkoobchod.orijintea.com\/?post_type=product&#038;p=12668"},"modified":"2026-03-09T13:38:43","modified_gmt":"2026-03-09T12:38:43","slug":"orijin-2023-simao-mini-bing-box","status":"publish","type":"product","link":"https:\/\/velkoobchod.orijintea.com\/en\/produkt\/orijin-2023-simao-mini-bing-box\/","title":{"rendered":"Orijin 2023 Simao Mini Bing"},"content":{"rendered":"<p>Nov\u00e9 mini kol\u00e1\u010dky, tentokr\u00e1t ze Simao, produkovan\u00e9 pod zna\u010dkou Orijin Tea. Drak na obalu odr\u00e1\u017e\u00ed <em>rok d\u0159ev\u011bn\u00e9ho draka (2024)<\/em>, kdy byly kol\u00e1\u010dky lisov\u00e1ny a baleny.<\/p>\n","protected":false},"excerpt":{"rendered":"<p>Mal\u00e9 puerov\u00e9 kol\u00e1\u010dky (xiaobing) z oblasti Simao na\u0161\u00ed vlastn\u00ed produkce.<\/p>\n<p>Tmav\u00fd n\u00e1lev vyv\u00e1\u017een\u00e9, p\u0159\u00edjemn\u011b nasl\u00e1dl\u00e9 a hladk\u00e9 chuti s charakterem sko\u0159\u00e1pkov\u00fdch plod\u016f a d\u0159evin.<\/p>\n<p>Ide\u00e1ln\u00ed na cesty, do pr\u00e1ce, dom\u016f, prost\u011b kdekoli a pro jak\u00fdkoliv druh p\u0159\u00edpravy od <em>gongfucha<\/em>\u00a0po\u00a0<a href=\"http:\/\/www.marshaln.com\/whats-grandpa-style\/\" target=\"_blank\" rel=\"noopener noreferrer\"><em>grandpa style<\/em><\/a>.<\/p>\n<p>Box 8ks po 7g (celkem 56g \u010daje).<\/p>\n","protected":false},"featured_media":12644,"template":"","meta":[],"product_cat":[142,1412,1411,1417,1415],"product_tag":[2093],"acf":[],"_links":{"self":[{"href":"https:\/\/velkoobchod.orijintea.com\/en\/wp-json\/wp\/v2\/product\/12668"}],"collection":[{"href":"https:\/\/velkoobchod.orijintea.com\/en\/wp-json\/wp\/v2\/product"}],"about":[{"href":"https:\/\/velkoobchod.orijintea.com\/en\/wp-json\/wp\/v2\/types\/product"}],"wp:featuredmedia":[{"embeddable":true,"href":"https:\/\/velkoobchod.orijintea.com\/en\/wp-json\/wp\/v2\/media\/12644"}],"wp:attachment":[{"href":"https:\/\/velkoobchod.orijintea.com\/en\/wp-json\/wp\/v2\/media?parent=12668"}],"wp:term":[{"taxonomy":"product_cat","embeddable":true,"href":"https:\/\/velkoobchod.orijintea.com\/en\/wp-json\/wp\/v2\/product_cat?post=12668"},{"taxonomy":"product_tag","embeddable":true,"href":"https:\/\/velkoobchod.orijintea.com\/en\/wp-json\/wp\/v2\/product_tag?post=12668"}],"curies":[{"name":"wp","href":"https:\/\/api.w.org\/{rel}","templated":true}]}}