{"id":12674,"date":"2024-08-15T11:56:14","date_gmt":"2024-08-15T09:56:14","guid":{"rendered":"https:\/\/velkoobchod.orijintea.com\/?post_type=product&#038;p=12674"},"modified":"2025-12-17T11:44:04","modified_gmt":"2025-12-17T10:44:04","slug":"zi-juan-bai-cha","status":"publish","type":"product","link":"https:\/\/velkoobchod.orijintea.com\/en\/produkt\/zi-juan-bai-cha\/","title":{"rendered":"Zi Juan Bai Cha"},"content":{"rendered":"<p><a href=\"https:\/\/babelcarp.org\/babelcarp\/babelcarp.cgi?phrase=zijuan\" target=\"_blank\" rel=\"noopener\">Zi Juan \u7d2b\u5a1f<\/a>: pom\u011brn\u011b vz\u00e1cn\u00fd kultivar velkolist\u00e9ho Yunnansk\u00e9ho \u010dajovn\u00edku s fialov\u00fdmi pupeny, s vysok\u00fdm obsahem antokyan\u016f, vy\u0161lecht\u011bn\u00fd v 80. letech 20. stolet\u00ed ze zdroj\u016f hory Nan Nuo, pou\u017e\u00edv\u00e1 se pro v\u00fdrobu zelen\u00fdch a pu-erh \u010daj\u016f,\u00a0doslova <em>fialov\u00e1 kr\u00e1s(k)a<\/em><\/p>\n<p>V roce 1985 objevili v\u011bde\u010dt\u00ed pracovn\u00edci z Yunnansk\u00e9ho v\u00fdzkumn\u00e9ho \u00fastavu pro \u010daj v \u010dajov\u00e9 zahrad\u011b tohoto \u00fastavu, kde bylo zasazeno v\u00edce ne\u017e 600 000 strom\u016f velkolist\u00e9ho Yunnansk\u00e9ho \u010dajovn\u00edku, \u010dajovn\u00edk s purpurov\u00fdmi pupeny, listy i stonky. Z jeho \u010derstv\u00fdch list\u016f se vyr\u00e1b\u00ed pe\u010den\u00fd zelen\u00fd \u010daj, jeho\u017e \u010dajov\u00e9 listy maj\u00ed purpurovou barvu, stejn\u011b jako n\u00e1lev. V\u016fn\u011b je \u010dist\u00e1 a chu\u0165 siln\u00e1. Tento \u010daj byl pojmenov\u00e1n jako Zijuan.<\/p>\n<p>Studie antokyan\u016f v \u010dajovn\u00edku Zijuan ji\u017e pokro\u010dily, pokud jde o slo\u017een\u00ed a mno\u017estv\u00ed a bylo zji\u0161t\u011bno, \u017ee \u010dajov\u00e9 listy Zijuan obsahuj\u00ed r\u016fzn\u00e9 slo\u017eky antokyan\u016f, v\u010detn\u011b pelargonidinu, kyanidinu, delfinidinu, peonidinu a malvidinu.<\/p>\n<p>Barva nov\u00fdch v\u00fdhonk\u016f Zijuan \u010dajovn\u00edku se v\u00fdrazn\u011b m\u011bn\u00ed podle sez\u00f3ny. Od za\u010d\u00e1tku ledna do konce dubna jsou v\u00fdhonky purpurov\u011b \u010derven\u00e9, od za\u010d\u00e1tku kv\u011btna do za\u010d\u00e1tku \u0159\u00edjna jsou tmav\u011b purpurov\u00e9, od konce \u0159\u00edjna do konce prosince jsou sv\u011btle purpurov\u011b \u010derven\u00e9, star\u00e9 listy jsou po cel\u00fd rok tmav\u011b zelen\u00e9. Zijuan jako okrasn\u00e1 rostlina v zahrad\u00e1ch p\u0159in\u00e1\u0161\u00ed vizu\u00e1ln\u00ed zaj\u00edmavost d\u00edky kombinaci purpurov\u00e9 a \u010derven\u00e9 mezi zelen\u00fdmi listy.<\/p>\n","protected":false},"excerpt":{"rendered":"<p>Delik\u00e1tn\u00ed a velmi specifick\u00fd b\u00edl\u00fd \u010daj, vyroben\u00fd ze vz\u00e1cn\u00e9ho kultivaru Yunnansk\u00e9ho velkolist\u00e9ho \u010dajovn\u00edku s fialov\u00fdmi pupeny.<\/p>\n<p>N\u00e1lev jemn\u011b zlatav\u011b-oran\u017eov\u00e9 barvy a intenzivn\u00ed ovocn\u00e9 v\u016fn\u011b. Chu\u0165 je komplexn\u00ed a bohat\u011b bylinn\u011b-ovocn\u00e1 s dlouhotrvaj\u00edc\u00edm, sl\u00e1dnouc\u00edm dozvukem.<\/p>\n","protected":false},"featured_media":12675,"template":"","meta":[],"product_cat":[1390,142,1417],"product_tag":[2093],"acf":[],"_links":{"self":[{"href":"https:\/\/velkoobchod.orijintea.com\/en\/wp-json\/wp\/v2\/product\/12674"}],"collection":[{"href":"https:\/\/velkoobchod.orijintea.com\/en\/wp-json\/wp\/v2\/product"}],"about":[{"href":"https:\/\/velkoobchod.orijintea.com\/en\/wp-json\/wp\/v2\/types\/product"}],"wp:featuredmedia":[{"embeddable":true,"href":"https:\/\/velkoobchod.orijintea.com\/en\/wp-json\/wp\/v2\/media\/12675"}],"wp:attachment":[{"href":"https:\/\/velkoobchod.orijintea.com\/en\/wp-json\/wp\/v2\/media?parent=12674"}],"wp:term":[{"taxonomy":"product_cat","embeddable":true,"href":"https:\/\/velkoobchod.orijintea.com\/en\/wp-json\/wp\/v2\/product_cat?post=12674"},{"taxonomy":"product_tag","embeddable":true,"href":"https:\/\/velkoobchod.orijintea.com\/en\/wp-json\/wp\/v2\/product_tag?post=12674"}],"curies":[{"name":"wp","href":"https:\/\/api.w.org\/{rel}","templated":true}]}}