{"id":12706,"date":"2024-08-15T12:36:54","date_gmt":"2024-08-15T10:36:54","guid":{"rendered":"https:\/\/velkoobchod.orijintea.com\/?post_type=product&#038;p=12706"},"modified":"2026-01-20T11:41:17","modified_gmt":"2026-01-20T10:41:17","slug":"ancha-2019-maojian","status":"publish","type":"product","link":"https:\/\/velkoobchod.orijintea.com\/en\/produkt\/ancha-2019-maojian\/","title":{"rendered":"Anhui An Cha 2019 Mao Jian"},"content":{"rendered":"<p><a href=\"https:\/\/babelcarp.org\/babelcarp\/babelcarp.cgi?phrase=ancha&amp;define=1\" target=\"_blank\" rel=\"noopener\">An Cha \u5b89\u8336<\/a>: \u010dern\u00fd (tmav\u00fd) \u010daj, podobn\u00fd \u010daji Lu An Hei Cha, av\u0161ak produkovan\u00fd i mimo kanonick\u00e9 oblasti.<\/p>\n<p><a href=\"https:\/\/en.wikipedia.org\/wiki\/Indocalamus_tessellatus\" target=\"_blank\" rel=\"noopener\">Ruo Ye \u7bac\u53f6<\/a>: lat. <em>Indocalamus tessellatus<\/em>, je druh bambusu pou\u017e\u00edvan\u00fd v tradi\u010dn\u00ed \u010d\u00ednsk\u00e9 medic\u00edn\u011b (TCM). Pat\u0159\u00ed do rodu <em>Indocalamus<\/em> a je p\u016fvodem z Asie, p\u0159edev\u0161\u00edm z \u010c\u00edny. Charakteristick\u00fd sv\u00fdmi mal\u00fdmi a \u00fazk\u00fdmi listy, kter\u00e9 jsou \u010dasto sb\u00edr\u00e1ny a pou\u017e\u00edv\u00e1ny v TCM. Mlad\u00e9 v\u00fdhonky bambusu jsou tak\u00e9 vyu\u017e\u00edv\u00e1ny v kulin\u00e1\u0159stv\u00ed a jsou obl\u00edbenou sou\u010d\u00e1st\u00ed tradi\u010dn\u00ed \u010d\u00ednsk\u00e9 kuchyn\u011b. V tradi\u010dn\u00ed \u010d\u00ednsk\u00e9 medic\u00edn\u011b se Ruo Ye pou\u017e\u00edv\u00e1 pro sv\u00e9 \u00fa\u010dinky na ledviny a mo\u010dov\u00fd syst\u00e9m. Tento druh bambusu je pova\u017eov\u00e1n za chladiv\u00fd a m\u00edrn\u011b ho\u0159k\u00fd, s vlastnostmi, kter\u00e9 pom\u00e1haj\u00ed posilovat ledviny, detoxikovat t\u011blo, podporovat odvodn\u011bn\u00ed a sni\u017eovat otoky.<\/p>\n","protected":false},"excerpt":{"rendered":"<p>\u010cern\u00fd (hei cha, tmav\u00fd) \u010d\u00ednsk\u00fd \u010daj z provincie An-chuej, podobn\u00fd tradi\u010dn\u00edmu Lu An Hei Cha, av\u0161ak produkovan\u00fd i mimo p\u016fvodn\u011b vymezen\u00e9 oblasti.<\/p>\n<p>N\u00e1lev jisk\u0159iv\u00e9, oran\u017eovo-\u017elut\u00e9 barvy m\u00e1 intenzivn\u00ed ovocn\u00e9 aroma s jemnou bylinnou stopou. Chu\u0165 je osv\u011b\u017euj\u00edc\u00ed, pln\u00e1, syt\u011b ovocn\u00e1 s pozvoln\u011b sl\u00e1dnouc\u00edm dozvukem.<\/p>\n<p>\u010caj je v d\u00f3ze spolu se \u0161irok\u00fdm bambusov\u00fdm listem (Ruo Ye), pou\u017e\u00edvan\u00fdm v tradi\u010dn\u00ed \u010d\u00ednsk\u00e9 medic\u00edn\u011b. Je doporu\u010deno \u010daj p\u0159ipravovat spolu s mal\u00fdmi \u010d\u00e1stmi bambusoveho listu.<\/p>\n","protected":false},"featured_media":12684,"template":"","meta":[],"product_cat":[142,1411,1416],"product_tag":[],"acf":[],"_links":{"self":[{"href":"https:\/\/velkoobchod.orijintea.com\/en\/wp-json\/wp\/v2\/product\/12706"}],"collection":[{"href":"https:\/\/velkoobchod.orijintea.com\/en\/wp-json\/wp\/v2\/product"}],"about":[{"href":"https:\/\/velkoobchod.orijintea.com\/en\/wp-json\/wp\/v2\/types\/product"}],"wp:featuredmedia":[{"embeddable":true,"href":"https:\/\/velkoobchod.orijintea.com\/en\/wp-json\/wp\/v2\/media\/12684"}],"wp:attachment":[{"href":"https:\/\/velkoobchod.orijintea.com\/en\/wp-json\/wp\/v2\/media?parent=12706"}],"wp:term":[{"taxonomy":"product_cat","embeddable":true,"href":"https:\/\/velkoobchod.orijintea.com\/en\/wp-json\/wp\/v2\/product_cat?post=12706"},{"taxonomy":"product_tag","embeddable":true,"href":"https:\/\/velkoobchod.orijintea.com\/en\/wp-json\/wp\/v2\/product_tag?post=12706"}],"curies":[{"name":"wp","href":"https:\/\/api.w.org\/{rel}","templated":true}]}}