{"id":12709,"date":"2024-08-15T13:23:34","date_gmt":"2024-08-15T11:23:34","guid":{"rendered":"https:\/\/velkoobchod.orijintea.com\/?post_type=product&#038;p=12709"},"modified":"2026-02-17T15:12:32","modified_gmt":"2026-02-17T14:12:32","slug":"yi-wu-ma-hei-2024-sheng-bing-200g","status":"publish","type":"product","link":"https:\/\/velkoobchod.orijintea.com\/en\/produkt\/yi-wu-ma-hei-2024-sheng-bing-200g\/","title":{"rendered":"Yi Wu Ma Hei 2024 Sheng Bing 200g"},"content":{"rendered":"<p><a href=\"https:\/\/babelcarp.org\/babelcarp\/babelcarp.cgi?phrase=maheizhai\" target=\"_blank\" rel=\"noopener\">Ma Hei Zhai \u9ebb\u9ed1\u5be8<\/a>: v sou\u010dasn\u00e9 historii znovuo\u017eiven\u00ed \u010daje Yi Wu prvn\u00ed zn\u00e1mou slavnou horou a vesnic\u00ed. Ma Hei se nach\u00e1z\u00ed v centr\u00e1ln\u00ed oblasti Yi Wu, vesnice je ukryta hluboko v hust\u00e9m lese, obklopena zelen\u00fdmi horami. \u010cajovn\u00edky rostou v p\u016fvodn\u00edm pralese kolem vesnice, co\u017e vytv\u00e1\u0159\u00ed harmonick\u00fd obraz sou\u017eit\u00ed lesa a \u010daje, kde je les pln\u00fd \u010daje a \u010daj obklopen vesnic\u00ed.<\/p>\n","protected":false},"excerpt":{"rendered":"<p>Kol\u00e1\u010d zelen\u00e9ho (raw) pueru z v\u00fdroby podniku Song Pin 1880. Sesb\u00edr\u00e1n z p\u0159ibli\u017en\u011b 100 let\u00fdch \u010dajovn\u00edkov\u00fdch strom\u016f (xiao shu).<\/p>\n<p>Ve v\u016fni se snoub\u00ed \u010dty\u0159i profily &#8211; byliny, d\u0159evo, ovoce a kv\u011btiny, jejich\u017e pom\u011br se postupn\u011b prom\u011b\u0148uje s ka\u017ed\u00fdm n\u00e1levem.<\/p>\n<p>Chu\u0165 u\u017e ztratila klasickou puerovou \u010derstvost, naproti tomu u\u017e se vyvinula v\u00fdrazn\u00e1 sladkost, kter\u00e1 je dopln\u011bn\u00e1 st\u00e1le je\u0161t\u011b citelnou ho\u0159kost\u00ed a kyselost\u00ed. Ty se v pr\u016fb\u011bhu let budou st\u00e1le p\u0159em\u011b\u0148ovat na sladkost a kulatost.<\/p>\n<p>N\u00e1lev je pln\u00fd, st\u0159edn\u011b lehk\u00fd, s lehkou ovocnost\u00ed a d\u0159evitost\u00ed. \u010caj vydr\u017eel 12 n\u00e1lev\u016f, tak\u017ee je vhodn\u00fd k\u00a0 celodenn\u00edmu pop\u00edjen\u00ed.<\/p>\n","protected":false},"featured_media":12694,"template":"","meta":[],"product_cat":[142,1411,1414],"product_tag":[],"acf":[],"_links":{"self":[{"href":"https:\/\/velkoobchod.orijintea.com\/en\/wp-json\/wp\/v2\/product\/12709"}],"collection":[{"href":"https:\/\/velkoobchod.orijintea.com\/en\/wp-json\/wp\/v2\/product"}],"about":[{"href":"https:\/\/velkoobchod.orijintea.com\/en\/wp-json\/wp\/v2\/types\/product"}],"wp:featuredmedia":[{"embeddable":true,"href":"https:\/\/velkoobchod.orijintea.com\/en\/wp-json\/wp\/v2\/media\/12694"}],"wp:attachment":[{"href":"https:\/\/velkoobchod.orijintea.com\/en\/wp-json\/wp\/v2\/media?parent=12709"}],"wp:term":[{"taxonomy":"product_cat","embeddable":true,"href":"https:\/\/velkoobchod.orijintea.com\/en\/wp-json\/wp\/v2\/product_cat?post=12709"},{"taxonomy":"product_tag","embeddable":true,"href":"https:\/\/velkoobchod.orijintea.com\/en\/wp-json\/wp\/v2\/product_tag?post=12709"}],"curies":[{"name":"wp","href":"https:\/\/api.w.org\/{rel}","templated":true}]}}