{"id":12712,"date":"2024-08-15T13:42:35","date_gmt":"2024-08-15T11:42:35","guid":{"rendered":"https:\/\/velkoobchod.orijintea.com\/?post_type=product&#038;p=12712"},"modified":"2026-04-02T12:16:15","modified_gmt":"2026-04-02T10:16:15","slug":"ban-pen-2019-da-shu-bing-357g","status":"publish","type":"product","link":"https:\/\/velkoobchod.orijintea.com\/en\/produkt\/ban-pen-2019-da-shu-bing-357g\/","title":{"rendered":"Ban Pen 2019 Da Shu Bing 357g"},"content":{"rendered":"<p><a href=\"https:\/\/babelcarp.org\/babelcarp\/babelcarp.cgi?phrase=Ban1+Pen2\" target=\"_blank\" rel=\"noopener\">Ban Pen\u73ed\u76c6<\/a>, <a href=\"https:\/\/babelcarp.org\/babelcarp\/babelcarp.cgi?phrase=bulangshan\" target=\"_blank\" rel=\"noopener\">hora Bulang \u5e03\u6717\u5c71<\/a> \u2014 vesnice Ban Pen se nach\u00e1z\u00ed v oblasti Menghun \u52d0\u6df7, prefektura Xishuangbanna, v nadmo\u0159sk\u00e9 v\u00fd\u0161ce 1760 metr\u016f, s v\u00fdhledem na star\u00fd \u010dajov\u00fd h\u00e1j Hekai \u8d3a\u5f00. Banpen m\u00e1 nadmo\u0159skou v\u00fd\u0161ku, klima, p\u016fdu, ekologick\u00e9 prost\u0159ed\u00ed a st\u00e1\u0159\u00ed \u010dajovn\u00edk\u016f srovnateln\u00e9 s Lao Banzhang, pouze pr\u016fm\u011brn\u00e1 nadmo\u0159sk\u00e1 v\u00fd\u0161ka je o 100 metr\u016f ni\u017e\u0161\u00ed. Banpen je p\u0159\u00edrodn\u00ed vesnice pod spr\u00e1vou vesnick\u00e9ho v\u00fdboru Hekai, vzd\u00e1len\u00e1 19 kilometr\u016f od s\u00eddla vesnick\u00e9ho v\u00fdboru. Na z\u00e1pad\u011b soused\u00ed s Banzhangem. V Banpen vesnici \u017eije 624 obyvatel ve 123 dom\u00e1cnostech, jedn\u00e1 se o vesnici etnika Lahu. Hlavn\u00ed hospod\u00e1\u0159skou plodinou je \u010daj. Banpen m\u00e1 p\u0159es 133ha star\u00fdch \u010dajov\u00fdch strom\u016f a n\u011bkolik des\u00edtek let star\u00e9 ekologick\u00e9 \u010dajov\u00e9 zahrady. Nadmo\u0159sk\u00e1 v\u00fd\u0161ka vesnice Banpen se pohybuje mezi 1600 a 1750 metry, s \u010dastou mlhou a dostatkem sr\u00e1\u017eek, co\u017e vytv\u00e1\u0159\u00ed jedine\u010dn\u00e9 podm\u00ednky pro p\u0159irozen\u00fd r\u016fst star\u00fdch \u010dajovn\u00edk\u016f. Star\u00fd Banpen (tak\u00e9 naz\u00fdvan\u00fd Bangpen Lao Zhai, oba jsou fonetick\u00e9 p\u0159eklady) se nach\u00e1z\u00ed na hranici mezi oblastmi Menghun a Bulang, je to vesnice etnika Lahu. Administrativn\u011b spad\u00e1 pod vesnick\u00fd v\u00fdbor Hekai, ale je odd\u011blena jedn\u00edm horsk\u00fdm h\u0159ebenem od star\u00e9ho \u010dajov\u00e9ho h\u00e1je Hekai a t\u011bsn\u011b soused\u00ed s \u010dajov\u00fdm h\u00e1jem Lao Banzhang, vzd\u00e1len\u00fdm jen asi 2 kilometry, a proto pat\u0159\u00ed do \u010dajov\u00e9 oblasti Bulang. Banpen Gushu zahrady jsou rozlo\u017eeny na svaz\u00edch v nadmo\u0159sk\u00e9 v\u00fd\u0161ce kolem 1760m a maj\u00ed rozlohu jen p\u0159es 66ha. P\u016fda v \u010dajov\u00e9 zahrad\u011b je \u017elutohn\u011bd\u00e1, p\u0159\u00edrodn\u00ed ekologick\u00e9 prost\u0159ed\u00ed je vynikaj\u00edc\u00ed, lesn\u00ed st\u00edn je vhodn\u00fd, nepou\u017e\u00edvaj\u00ed se \u017e\u00e1dn\u00e1 hnojiva ani pesticidy, jedn\u00e1 se o \u010dist\u011b organick\u00fd \u010daj. Podle m\u00edstn\u00edch obyvatel se p\u0159ed p\u0159\u00edchodem Lao Banzhang vesnice ji\u017e p\u0159edci etnika Lahu zde usadili a p\u011bstovali \u010daj.<\/p>\n<p>Kmeny \u010dajovn\u00edk\u016f Banpen jsou siln\u00e9 a na \u010dajovn\u00edc\u00edch roste mnoho epifyt\u016f, co\u017e zna\u010d\u00ed jejich dlouhou historii. D\u00edky velk\u00e9mu st\u00e1\u0159\u00ed, vysok\u00e9 nadmo\u0159sk\u00e9 v\u00fd\u0161ce a dlouh\u00e9mu slune\u010dn\u00edmu svitu maj\u00ed \u010daje z Banpen \u017eivou chu\u0165, vysokohorsk\u00fd t\u00f3n pronik\u00e1 p\u0159\u00edmo do krku. P\u0159i pit\u00ed tohoto \u010daje se budete c\u00edtit velmi zaj\u00edmav\u011b, chu\u0165 je jemn\u00e1 a osv\u011b\u017euj\u00edc\u00ed. \u010caj z Banpen m\u00e1 podobn\u00e9 vlastnosti jako \u010daj z Lao Banzhang, z\u00e1kladn\u00ed \u010dajov\u00e1 struktura je trochu m\u00e9n\u011b v\u00fdrazn\u00e1 ne\u017e u Lao Banzhang, ale celkov\u00e1 kvalita je dobr\u00e1.<\/p>\n","protected":false},"excerpt":{"rendered":"<p>Fantastick\u00fd kol\u00e1\u010d tmav\u00e9ho pu-erhu z poho\u0159\u00ed Bu Lang, z okol\u00ed vesnice Ban Pen.<\/p>\n<p>Chu\u0165 je velmi kulat\u00e1, jemn\u00e1, hlubok\u00e1, vyv\u00e1\u017een\u00e1 a \u010dist\u00e1. \u010caj m\u00e1 hust\u00fd n\u00e1lev, \u010distou intenzivn\u00ed v\u016fni, m\u00edrn\u011b ho\u0159kou chu\u0165, kter\u00e1 v\u0161ak rychle p\u0159ech\u00e1z\u00ed do sladkosti, krk je po n\u011bm osv\u011b\u017een\u00fd a bez sucha, na jazyku je c\u00edtit dlouh\u00fd sladk\u00fd aftertaste a intenzivn\u00ed tvorba slin, kter\u00e1 p\u0159etrv\u00e1v\u00e1 a\u017e dv\u011b hodiny po pit\u00ed.<\/p>\n<p>\u010caj nem\u00e1 \u017e\u00e1dn\u00fd kou\u0159ov\u00fd ani jin\u00fd ne\u017e\u00e1douc\u00ed z\u00e1pach. Celkov\u011b m\u00e1 tento \u010daj sladkou a jemnou chu\u0165, sv\u011b\u017e\u00ed v\u016fni, m\u00e1 leskl\u00e9 a velk\u00e9 listy, silnou energii. Po n\u011bkolika letech skladov\u00e1n\u00ed se barva n\u00e1levu m\u011bn\u00ed na oran\u017eov\u011b \u017elutou a\u017e oran\u017eov\u011b \u010dervenou a v\u016fn\u011b se st\u00e1v\u00e1 v\u00fdrazn\u011bj\u0161\u00ed.<\/p>\n<p>Ide\u00e1ln\u00ed tmav\u00fd pu-erh (shupu), jak pro okam\u017eit\u00e9 pop\u00edjen\u00ed, tak pro dlouhodobou (investi\u010dn\u00ed) archivaci.<\/p>\n","protected":false},"featured_media":12700,"template":"","meta":[],"product_cat":[142,1411,1415],"product_tag":[],"acf":[],"_links":{"self":[{"href":"https:\/\/velkoobchod.orijintea.com\/en\/wp-json\/wp\/v2\/product\/12712"}],"collection":[{"href":"https:\/\/velkoobchod.orijintea.com\/en\/wp-json\/wp\/v2\/product"}],"about":[{"href":"https:\/\/velkoobchod.orijintea.com\/en\/wp-json\/wp\/v2\/types\/product"}],"wp:featuredmedia":[{"embeddable":true,"href":"https:\/\/velkoobchod.orijintea.com\/en\/wp-json\/wp\/v2\/media\/12700"}],"wp:attachment":[{"href":"https:\/\/velkoobchod.orijintea.com\/en\/wp-json\/wp\/v2\/media?parent=12712"}],"wp:term":[{"taxonomy":"product_cat","embeddable":true,"href":"https:\/\/velkoobchod.orijintea.com\/en\/wp-json\/wp\/v2\/product_cat?post=12712"},{"taxonomy":"product_tag","embeddable":true,"href":"https:\/\/velkoobchod.orijintea.com\/en\/wp-json\/wp\/v2\/product_tag?post=12712"}],"curies":[{"name":"wp","href":"https:\/\/api.w.org\/{rel}","templated":true}]}}