{"id":12717,"date":"2024-08-15T14:57:21","date_gmt":"2024-08-15T12:57:21","guid":{"rendered":"https:\/\/velkoobchod.orijintea.com\/?post_type=product&#038;p=12717"},"modified":"2026-03-31T10:29:17","modified_gmt":"2026-03-31T08:29:17","slug":"orijin-2023-simao-bing-357g","status":"publish","type":"product","link":"https:\/\/velkoobchod.orijintea.com\/en\/produkt\/orijin-2023-simao-bing-357g\/","title":{"rendered":"Orijin 2023 Simao Bing 357g"},"content":{"rendered":"<p>Nov\u00fd velk\u00fd kol\u00e1\u010d, tentokr\u00e1t ze Simao, produkovan\u00fd pod na\u0161\u00ed zna\u010dkou Orijin Tea. Drak na obalu odr\u00e1\u017e\u00ed <em>rok d\u0159ev\u011bn\u00e9ho draka (2024)<\/em>, kdy byly kol\u00e1\u010de lisov\u00e1ny a baleny.<\/p>\n","protected":false},"excerpt":{"rendered":"<p>Velk\u00fd pu-erhov\u00fd kol\u00e1\u010d klasick\u00e9 gram\u00e1\u017ee 357g z oblasti Simao na\u0161\u00ed vlastn\u00ed produkce.<\/p>\n<p>Tmav\u00fd n\u00e1lev vyv\u00e1\u017een\u00e9, p\u0159\u00edjemn\u011b nasl\u00e1dl\u00e9 a hladk\u00e9 chuti s charakterem tmav\u00e9 \u010dokol\u00e1dy, sko\u0159\u00e1pkov\u00fdch plod\u016f a d\u0159evin.<\/p>\n","protected":false},"featured_media":12743,"template":"","meta":[],"product_cat":[142,1412,1411,1417,1415],"product_tag":[2093],"acf":[],"_links":{"self":[{"href":"https:\/\/velkoobchod.orijintea.com\/en\/wp-json\/wp\/v2\/product\/12717"}],"collection":[{"href":"https:\/\/velkoobchod.orijintea.com\/en\/wp-json\/wp\/v2\/product"}],"about":[{"href":"https:\/\/velkoobchod.orijintea.com\/en\/wp-json\/wp\/v2\/types\/product"}],"wp:featuredmedia":[{"embeddable":true,"href":"https:\/\/velkoobchod.orijintea.com\/en\/wp-json\/wp\/v2\/media\/12743"}],"wp:attachment":[{"href":"https:\/\/velkoobchod.orijintea.com\/en\/wp-json\/wp\/v2\/media?parent=12717"}],"wp:term":[{"taxonomy":"product_cat","embeddable":true,"href":"https:\/\/velkoobchod.orijintea.com\/en\/wp-json\/wp\/v2\/product_cat?post=12717"},{"taxonomy":"product_tag","embeddable":true,"href":"https:\/\/velkoobchod.orijintea.com\/en\/wp-json\/wp\/v2\/product_tag?post=12717"}],"curies":[{"name":"wp","href":"https:\/\/api.w.org\/{rel}","templated":true}]}}